{"id":9114,"date":"2022-12-20T12:38:42","date_gmt":"2022-12-20T11:38:42","guid":{"rendered":"https:\/\/camdencoffeeroasters.com\/?post_type=product&#038;p=9114"},"modified":"2026-04-01T10:21:51","modified_gmt":"2026-04-01T08:21:51","slug":"peru-anas-blues-organic","status":"publish","type":"product","link":"https:\/\/camdencoffeeroasters.com\/en\/producto\/peru-anas-blues-organic\/","title":{"rendered":"Peru \u2013 A\u00f1as Blues Organic"},"content":{"rendered":"<p>This coffee has been organically grown and processed by the traditional washing method. In this method the husk and cherry flesh is separated from the coffee bean. After washing, the beans are left to dry on beds raised off the ground for about ten days, depending on the weather.<\/p>\n<p>This coffee is a perfect ally to start the day and accompany your breakfasts. It is a very balanced, elegant coffee, with notes of fruit and dark chocolate.<\/p>\n<p>A\u00f1as Blues is cultivated by small producers who share a responsible and sustainable vision of what a coffee plantation means. The organic coffee plantations allow future generations of producers the possibility of continuing the family business. Most of the farms are second or third generation and the harvests are harvested at the mills where they continue their journey to Europe.<\/p>\n<p>This coffee, whose aroma notes bring back memories of a good blues, is perfect to drink either on its own, in preparation with Italian mokka or portafilter, or with milk.<\/p>\n","protected":false},"excerpt":{"rendered":"<p style=\"text-align: right;\"><strong>Free shipping from 40\u20ac purchase<\/strong><\/p>\n<p>&nbsp;<\/p>\n<p style=\"text-align: right;\"><strong>SKU<\/strong>: N\/D<\/p>\n<p style=\"text-align: right;\"><strong>CATEGORY<\/strong>: COFFEE<\/p>\n<p>&nbsp;<\/p>\n<p style=\"text-align: right;\"><strong>COUNTRY<\/strong>: Peru<\/p>\n<p style=\"text-align: right;\"><strong>REGION<\/strong>: Cajamarca<\/p>\n<p style=\"text-align: right;\"><strong>HEIGHT<\/strong>: 1.600-1.800 a.s.l<\/p>\n<p style=\"text-align: right;\"><strong>VARIETY<\/strong>: Catimor, Caturra, Typica<\/p>\n<p style=\"text-align: right;\"><strong>PROCESS<\/strong>: Washed<\/p>\n","protected":false},"featured_media":273,"comment_status":"open","ping_status":"closed","template":"","meta":[],"product_brand":[],"product_cat":[119],"product_tag":[],"class_list":{"0":"post-9114","1":"product","2":"type-product","3":"status-publish","4":"has-post-thumbnail","6":"product_cat-cafe-en","8":"first","9":"instock","10":"shipping-taxable","11":"purchasable","12":"product-type-variable"},"yoast_head":"<!-- This site is optimized with the Yoast SEO plugin v26.9 - https:\/\/yoast.com\/product\/yoast-seo-wordpress\/ -->\n<title>Peru \u2013 A\u00f1as Blues Organic - Camden Coffee Roasters - Caf\u00e9 de Especialidad | Specialty Coffee Madrid<\/title>\n<meta name=\"description\" content=\"A\u00f1as Blues is cultivated by small producers who share a responsible and sustainable vision of what a coffee plantation means. The organic coffee plantations allow future generations of producers the possibility of continuing the family business. Most of the farms are second or third generation and the harvests are harvested at the mills where they continue their journey to Europe.This coffee, whose aroma notes bring back memories of a good blues, is perfect to drink either on its own, in preparation with Italian mokka or portafilter, or with milk.\" \/>\n<meta name=\"robots\" content=\"index, follow, max-snippet:-1, max-image-preview:large, max-video-preview:-1\" \/>\n<link rel=\"canonical\" href=\"https:\/\/camdencoffeeroasters.com\/en\/producto\/peru-anas-blues-organic\/\" \/>\n<meta property=\"og:locale\" content=\"en_US\" \/>\n<meta property=\"og:type\" content=\"article\" \/>\n<meta property=\"og:title\" content=\"Peru \u2013 A\u00f1as Blues Organic - Camden Coffee Roasters - Caf\u00e9 de Especialidad | Specialty Coffee Madrid\" \/>\n<meta property=\"og:description\" content=\"A\u00f1as Blues is cultivated by small producers who share a responsible and sustainable vision of what a coffee plantation means. The organic coffee plantations allow future generations of producers the possibility of continuing the family business. Most of the farms are second or third generation and the harvests are harvested at the mills where they continue their journey to Europe.This coffee, whose aroma notes bring back memories of a good blues, is perfect to drink either on its own, in preparation with Italian mokka or portafilter, or with milk.\" \/>\n<meta property=\"og:url\" content=\"https:\/\/camdencoffeeroasters.com\/en\/producto\/peru-anas-blues-organic\/\" \/>\n<meta property=\"og:site_name\" content=\"Camden Coffee Roasters - Caf\u00e9 de Especialidad | Specialty Coffee Madrid\" \/>\n<meta property=\"article:modified_time\" content=\"2026-04-01T08:21:51+00:00\" \/>\n<meta property=\"og:image\" content=\"https:\/\/camdencoffeeroasters.com\/wp-content\/uploads\/2022\/01\/Peru_Anas_Blues.png\" \/>\n\t<meta property=\"og:image:width\" content=\"750\" \/>\n\t<meta property=\"og:image:height\" content=\"750\" \/>\n\t<meta property=\"og:image:type\" content=\"image\/png\" \/>\n<meta name=\"twitter:card\" content=\"summary_large_image\" \/>\n<meta name=\"twitter:label1\" content=\"Est. reading time\" \/>\n\t<meta name=\"twitter:data1\" content=\"1 minute\" \/>\n<script type=\"application\/ld+json\" class=\"yoast-schema-graph\">{\"@context\":\"https:\/\/schema.org\",\"@graph\":[{\"@type\":\"WebPage\",\"@id\":\"https:\/\/camdencoffeeroasters.com\/en\/producto\/peru-anas-blues-organic\/\",\"url\":\"https:\/\/camdencoffeeroasters.com\/en\/producto\/peru-anas-blues-organic\/\",\"name\":\"Peru \u2013 A\u00f1as Blues Organic - Camden Coffee Roasters - Caf\u00e9 de Especialidad | Specialty Coffee Madrid\",\"isPartOf\":{\"@id\":\"https:\/\/camdencoffeeroasters.com\/#website\"},\"primaryImageOfPage\":{\"@id\":\"https:\/\/camdencoffeeroasters.com\/en\/producto\/peru-anas-blues-organic\/#primaryimage\"},\"image\":{\"@id\":\"https:\/\/camdencoffeeroasters.com\/en\/producto\/peru-anas-blues-organic\/#primaryimage\"},\"thumbnailUrl\":\"https:\/\/camdencoffeeroasters.com\/wp-content\/uploads\/2022\/01\/Peru_Anas_Blues.png\",\"datePublished\":\"2022-12-20T11:38:42+00:00\",\"dateModified\":\"2026-04-01T08:21:51+00:00\",\"description\":\"A\u00f1as Blues is cultivated by small producers who share a responsible and sustainable vision of what a coffee plantation means. The organic coffee plantations allow future generations of producers the possibility of continuing the family business. Most of the farms are second or third generation and the harvests are harvested at the mills where they continue their journey to Europe.This coffee, whose aroma notes bring back memories of a good blues, is perfect to drink either on its own, in preparation with Italian mokka or portafilter, or with milk.\",\"breadcrumb\":{\"@id\":\"https:\/\/camdencoffeeroasters.com\/en\/producto\/peru-anas-blues-organic\/#breadcrumb\"},\"inLanguage\":\"en-US\",\"potentialAction\":[{\"@type\":\"ReadAction\",\"target\":[\"https:\/\/camdencoffeeroasters.com\/en\/producto\/peru-anas-blues-organic\/\"]}]},{\"@type\":\"ImageObject\",\"inLanguage\":\"en-US\",\"@id\":\"https:\/\/camdencoffeeroasters.com\/en\/producto\/peru-anas-blues-organic\/#primaryimage\",\"url\":\"https:\/\/camdencoffeeroasters.com\/wp-content\/uploads\/2022\/01\/Peru_Anas_Blues.png\",\"contentUrl\":\"https:\/\/camdencoffeeroasters.com\/wp-content\/uploads\/2022\/01\/Peru_Anas_Blues.png\",\"width\":750,\"height\":750},{\"@type\":\"BreadcrumbList\",\"@id\":\"https:\/\/camdencoffeeroasters.com\/en\/producto\/peru-anas-blues-organic\/#breadcrumb\",\"itemListElement\":[{\"@type\":\"ListItem\",\"position\":1,\"name\":\"Portada\",\"item\":\"https:\/\/camdencoffeeroasters.com\/\"},{\"@type\":\"ListItem\",\"position\":2,\"name\":\"Productos\",\"item\":\"https:\/\/camdencoffeeroasters.com\/shop\/\"},{\"@type\":\"ListItem\",\"position\":3,\"name\":\"Peru \u2013 A\u00f1as Blues Organic\"}]},{\"@type\":\"WebSite\",\"@id\":\"https:\/\/camdencoffeeroasters.com\/#website\",\"url\":\"https:\/\/camdencoffeeroasters.com\/\",\"name\":\"Camden Coffee Roasters - Caf\u00e9 de Especialidad | Specialty Coffee Madrid\",\"description\":\"Camden Coffee Roasters es una micro tostadora de caf\u00e9 de especialidad de tercera generaci\u00f3n en la que adoramos el caf\u00e9.\",\"alternateName\":\"Camden Coffee Roasters - Caf\u00e9 de Especialidad\",\"potentialAction\":[{\"@type\":\"SearchAction\",\"target\":{\"@type\":\"EntryPoint\",\"urlTemplate\":\"https:\/\/camdencoffeeroasters.com\/?s={search_term_string}\"},\"query-input\":{\"@type\":\"PropertyValueSpecification\",\"valueRequired\":true,\"valueName\":\"search_term_string\"}}],\"inLanguage\":\"en-US\"}]}<\/script>\n<!-- \/ Yoast SEO plugin. -->","yoast_head_json":{"title":"Peru \u2013 A\u00f1as Blues Organic - Camden Coffee Roasters - Caf\u00e9 de Especialidad | Specialty Coffee Madrid","description":"A\u00f1as Blues is cultivated by small producers who share a responsible and sustainable vision of what a coffee plantation means. The organic coffee plantations allow future generations of producers the possibility of continuing the family business. Most of the farms are second or third generation and the harvests are harvested at the mills where they continue their journey to Europe.This coffee, whose aroma notes bring back memories of a good blues, is perfect to drink either on its own, in preparation with Italian mokka or portafilter, or with milk.","robots":{"index":"index","follow":"follow","max-snippet":"max-snippet:-1","max-image-preview":"max-image-preview:large","max-video-preview":"max-video-preview:-1"},"canonical":"https:\/\/camdencoffeeroasters.com\/en\/producto\/peru-anas-blues-organic\/","og_locale":"en_US","og_type":"article","og_title":"Peru \u2013 A\u00f1as Blues Organic - Camden Coffee Roasters - Caf\u00e9 de Especialidad | Specialty Coffee Madrid","og_description":"A\u00f1as Blues is cultivated by small producers who share a responsible and sustainable vision of what a coffee plantation means. The organic coffee plantations allow future generations of producers the possibility of continuing the family business. Most of the farms are second or third generation and the harvests are harvested at the mills where they continue their journey to Europe.This coffee, whose aroma notes bring back memories of a good blues, is perfect to drink either on its own, in preparation with Italian mokka or portafilter, or with milk.","og_url":"https:\/\/camdencoffeeroasters.com\/en\/producto\/peru-anas-blues-organic\/","og_site_name":"Camden Coffee Roasters - Caf\u00e9 de Especialidad | Specialty Coffee Madrid","article_modified_time":"2026-04-01T08:21:51+00:00","og_image":[{"width":750,"height":750,"url":"https:\/\/camdencoffeeroasters.com\/wp-content\/uploads\/2022\/01\/Peru_Anas_Blues.png","type":"image\/png"}],"twitter_card":"summary_large_image","twitter_misc":{"Est. reading time":"1 minute"},"schema":{"@context":"https:\/\/schema.org","@graph":[{"@type":"WebPage","@id":"https:\/\/camdencoffeeroasters.com\/en\/producto\/peru-anas-blues-organic\/","url":"https:\/\/camdencoffeeroasters.com\/en\/producto\/peru-anas-blues-organic\/","name":"Peru \u2013 A\u00f1as Blues Organic - Camden Coffee Roasters - Caf\u00e9 de Especialidad | Specialty Coffee Madrid","isPartOf":{"@id":"https:\/\/camdencoffeeroasters.com\/#website"},"primaryImageOfPage":{"@id":"https:\/\/camdencoffeeroasters.com\/en\/producto\/peru-anas-blues-organic\/#primaryimage"},"image":{"@id":"https:\/\/camdencoffeeroasters.com\/en\/producto\/peru-anas-blues-organic\/#primaryimage"},"thumbnailUrl":"https:\/\/camdencoffeeroasters.com\/wp-content\/uploads\/2022\/01\/Peru_Anas_Blues.png","datePublished":"2022-12-20T11:38:42+00:00","dateModified":"2026-04-01T08:21:51+00:00","description":"A\u00f1as Blues is cultivated by small producers who share a responsible and sustainable vision of what a coffee plantation means. The organic coffee plantations allow future generations of producers the possibility of continuing the family business. Most of the farms are second or third generation and the harvests are harvested at the mills where they continue their journey to Europe.This coffee, whose aroma notes bring back memories of a good blues, is perfect to drink either on its own, in preparation with Italian mokka or portafilter, or with milk.","breadcrumb":{"@id":"https:\/\/camdencoffeeroasters.com\/en\/producto\/peru-anas-blues-organic\/#breadcrumb"},"inLanguage":"en-US","potentialAction":[{"@type":"ReadAction","target":["https:\/\/camdencoffeeroasters.com\/en\/producto\/peru-anas-blues-organic\/"]}]},{"@type":"ImageObject","inLanguage":"en-US","@id":"https:\/\/camdencoffeeroasters.com\/en\/producto\/peru-anas-blues-organic\/#primaryimage","url":"https:\/\/camdencoffeeroasters.com\/wp-content\/uploads\/2022\/01\/Peru_Anas_Blues.png","contentUrl":"https:\/\/camdencoffeeroasters.com\/wp-content\/uploads\/2022\/01\/Peru_Anas_Blues.png","width":750,"height":750},{"@type":"BreadcrumbList","@id":"https:\/\/camdencoffeeroasters.com\/en\/producto\/peru-anas-blues-organic\/#breadcrumb","itemListElement":[{"@type":"ListItem","position":1,"name":"Portada","item":"https:\/\/camdencoffeeroasters.com\/"},{"@type":"ListItem","position":2,"name":"Productos","item":"https:\/\/camdencoffeeroasters.com\/shop\/"},{"@type":"ListItem","position":3,"name":"Peru \u2013 A\u00f1as Blues Organic"}]},{"@type":"WebSite","@id":"https:\/\/camdencoffeeroasters.com\/#website","url":"https:\/\/camdencoffeeroasters.com\/","name":"Camden Coffee Roasters - Caf\u00e9 de Especialidad | Specialty Coffee Madrid","description":"Camden Coffee Roasters es una micro tostadora de caf\u00e9 de especialidad de tercera generaci\u00f3n en la que adoramos el caf\u00e9.","alternateName":"Camden Coffee Roasters - Caf\u00e9 de Especialidad","potentialAction":[{"@type":"SearchAction","target":{"@type":"EntryPoint","urlTemplate":"https:\/\/camdencoffeeroasters.com\/?s={search_term_string}"},"query-input":{"@type":"PropertyValueSpecification","valueRequired":true,"valueName":"search_term_string"}}],"inLanguage":"en-US"}]}},"_links":{"self":[{"href":"https:\/\/camdencoffeeroasters.com\/en\/wp-json\/wp\/v2\/product\/9114","targetHints":{"allow":["GET"]}}],"collection":[{"href":"https:\/\/camdencoffeeroasters.com\/en\/wp-json\/wp\/v2\/product"}],"about":[{"href":"https:\/\/camdencoffeeroasters.com\/en\/wp-json\/wp\/v2\/types\/product"}],"replies":[{"embeddable":true,"href":"https:\/\/camdencoffeeroasters.com\/en\/wp-json\/wp\/v2\/comments?post=9114"}],"wp:featuredmedia":[{"embeddable":true,"href":"https:\/\/camdencoffeeroasters.com\/en\/wp-json\/wp\/v2\/media\/273"}],"wp:attachment":[{"href":"https:\/\/camdencoffeeroasters.com\/en\/wp-json\/wp\/v2\/media?parent=9114"}],"wp:term":[{"taxonomy":"product_brand","embeddable":true,"href":"https:\/\/camdencoffeeroasters.com\/en\/wp-json\/wp\/v2\/product_brand?post=9114"},{"taxonomy":"product_cat","embeddable":true,"href":"https:\/\/camdencoffeeroasters.com\/en\/wp-json\/wp\/v2\/product_cat?post=9114"},{"taxonomy":"product_tag","embeddable":true,"href":"https:\/\/camdencoffeeroasters.com\/en\/wp-json\/wp\/v2\/product_tag?post=9114"}],"curies":[{"name":"wp","href":"https:\/\/api.w.org\/{rel}","templated":true}]}}