{"id":8887,"date":"2022-06-16T09:13:15","date_gmt":"2022-06-16T07:13:15","guid":{"rendered":"https:\/\/camdencoffeeroasters.com\/?post_type=product&#038;p=8887"},"modified":"2026-04-20T14:26:35","modified_gmt":"2026-04-20T12:26:35","slug":"ethiopia-onyx-organic","status":"publish","type":"product","link":"https:\/\/camdencoffeeroasters.com\/en\/producto\/ethiopia-onyx-organic\/","title":{"rendered":"Ethiopia \u2013 Onyx Organic"},"content":{"rendered":"<p>The Sidamo region covers a large area of \u200b\u200bsouthern Ethiopia, stretching across the fertile highlands south of Lake Awasa in the Rift Valley. It is made up of more than 20 different administrative zones, or woredas, with different microclimates and altitudes. Consequently, there is a wide variety of qualities and cup profiles that end up being labeled as Sidamo.<\/p>\n<p>Several family farms in Borena grow this certified organic coffee and then process it in the mill that belongs to the Kassa family. They promote sustainability in production and generate a positive socioeconomic and environmental impact. These beans come from the most typical variety of Ethiopia, Heirloom, which grows in the shade. This contributes to using less water for their growth and development. This excellent and acidic Ethiopian coffee is characterized by its unique and exquisite flavor, along with a full body.<\/p>\n<p>It becomes a perfect drink for both filter and espresso.<\/p>\n","protected":false},"excerpt":{"rendered":"<p style=\"text-align: right;\"><strong>Free shipping from 40\u20ac purchase<\/strong><\/p>\n<p>&nbsp;<\/p>\n<p style=\"text-align: right;\"><strong>SKU<\/strong>: N\/D<\/p>\n<p style=\"text-align: right;\"><strong>CATEGORY<\/strong>: COFFEE<\/p>\n<p>&nbsp;<\/p>\n<p style=\"text-align: right;\"><strong>COUNTRY<\/strong>: Etiop\u00eda<\/p>\n<p style=\"text-align: right;\"><strong>REGION<\/strong>: Guji<\/p>\n<p style=\"text-align: right;\"><strong>HEIGHT<\/strong>: 2.150 m.a.s.l<\/p>\n<p style=\"text-align: right;\"><strong>VARIETY<\/strong>: Heirloom<\/p>\n<p style=\"text-align: right;\"><strong>PROCESS<\/strong>: Washed<\/p>\n","protected":false},"featured_media":8844,"comment_status":"open","ping_status":"closed","template":"","meta":[],"product_brand":[],"product_cat":[119],"product_tag":[],"class_list":{"0":"post-8887","1":"product","2":"type-product","3":"status-publish","4":"has-post-thumbnail","6":"product_cat-cafe-en","8":"first","9":"instock","10":"shipping-taxable","11":"purchasable","12":"product-type-variable"},"yoast_head":"<!-- This site is optimized with the Yoast SEO plugin v26.9 - https:\/\/yoast.com\/product\/yoast-seo-wordpress\/ -->\n<title>Ethiopia \u2013 Onyx Organic - Camden Coffee Roasters - Caf\u00e9 de Especialidad | Specialty Coffee Madrid %<\/title>\n<meta name=\"description\" content=\"Several family farms in Borena grow this certified organic coffee and then process it in the mill that belongs to the Kassa family. They promote sustainability in production and generate a positive socioeconomic and environmental impact. These beans come from the most typical variety of Ethiopia, Heirloom, which grows in the shade. This contributes to using less water for their growth and development. This excellent and acidic Ethiopian coffee is characterized by its unique and exquisite flavor, along with a full body.It becomes a perfect drink for both filter and espresso.\" \/>\n<meta name=\"robots\" content=\"index, follow, max-snippet:-1, max-image-preview:large, max-video-preview:-1\" \/>\n<link rel=\"canonical\" href=\"https:\/\/camdencoffeeroasters.com\/en\/producto\/ethiopia-onyx-organic\/\" \/>\n<meta property=\"og:locale\" content=\"en_US\" \/>\n<meta property=\"og:type\" content=\"article\" \/>\n<meta property=\"og:title\" content=\"Ethiopia \u2013 Onyx Organic - Camden Coffee Roasters - Caf\u00e9 de Especialidad | Specialty Coffee Madrid %\" \/>\n<meta property=\"og:description\" content=\"Several family farms in Borena grow this certified organic coffee and then process it in the mill that belongs to the Kassa family. They promote sustainability in production and generate a positive socioeconomic and environmental impact. These beans come from the most typical variety of Ethiopia, Heirloom, which grows in the shade. This contributes to using less water for their growth and development. This excellent and acidic Ethiopian coffee is characterized by its unique and exquisite flavor, along with a full body.It becomes a perfect drink for both filter and espresso.\" \/>\n<meta property=\"og:url\" content=\"https:\/\/camdencoffeeroasters.com\/en\/producto\/ethiopia-onyx-organic\/\" \/>\n<meta property=\"og:site_name\" content=\"Camden Coffee Roasters - Caf\u00e9 de Especialidad | Specialty Coffee Madrid\" \/>\n<meta property=\"article:modified_time\" content=\"2026-04-20T12:26:35+00:00\" \/>\n<meta property=\"og:image\" content=\"https:\/\/camdencoffeeroasters.com\/wp-content\/uploads\/2022\/05\/Etiopia_Onyx_New.png\" \/>\n\t<meta property=\"og:image:width\" content=\"750\" \/>\n\t<meta property=\"og:image:height\" content=\"750\" \/>\n\t<meta property=\"og:image:type\" content=\"image\/png\" \/>\n<meta name=\"twitter:card\" content=\"summary_large_image\" \/>\n<meta name=\"twitter:label1\" content=\"Est. reading time\" \/>\n\t<meta name=\"twitter:data1\" content=\"1 minute\" \/>\n<script type=\"application\/ld+json\" class=\"yoast-schema-graph\">{\"@context\":\"https:\/\/schema.org\",\"@graph\":[{\"@type\":\"WebPage\",\"@id\":\"https:\/\/camdencoffeeroasters.com\/en\/producto\/ethiopia-onyx-organic\/\",\"url\":\"https:\/\/camdencoffeeroasters.com\/en\/producto\/ethiopia-onyx-organic\/\",\"name\":\"Ethiopia \u2013 Onyx Organic - Camden Coffee Roasters - Caf\u00e9 de Especialidad | Specialty Coffee Madrid %\",\"isPartOf\":{\"@id\":\"https:\/\/camdencoffeeroasters.com\/#website\"},\"primaryImageOfPage\":{\"@id\":\"https:\/\/camdencoffeeroasters.com\/en\/producto\/ethiopia-onyx-organic\/#primaryimage\"},\"image\":{\"@id\":\"https:\/\/camdencoffeeroasters.com\/en\/producto\/ethiopia-onyx-organic\/#primaryimage\"},\"thumbnailUrl\":\"https:\/\/camdencoffeeroasters.com\/wp-content\/uploads\/2022\/05\/Etiopia_Onyx_New.png\",\"datePublished\":\"2022-06-16T07:13:15+00:00\",\"dateModified\":\"2026-04-20T12:26:35+00:00\",\"description\":\"Several family farms in Borena grow this certified organic coffee and then process it in the mill that belongs to the Kassa family. They promote sustainability in production and generate a positive socioeconomic and environmental impact. These beans come from the most typical variety of Ethiopia, Heirloom, which grows in the shade. This contributes to using less water for their growth and development. This excellent and acidic Ethiopian coffee is characterized by its unique and exquisite flavor, along with a full body.It becomes a perfect drink for both filter and espresso.\",\"breadcrumb\":{\"@id\":\"https:\/\/camdencoffeeroasters.com\/en\/producto\/ethiopia-onyx-organic\/#breadcrumb\"},\"inLanguage\":\"en-US\",\"potentialAction\":[{\"@type\":\"ReadAction\",\"target\":[\"https:\/\/camdencoffeeroasters.com\/en\/producto\/ethiopia-onyx-organic\/\"]}]},{\"@type\":\"ImageObject\",\"inLanguage\":\"en-US\",\"@id\":\"https:\/\/camdencoffeeroasters.com\/en\/producto\/ethiopia-onyx-organic\/#primaryimage\",\"url\":\"https:\/\/camdencoffeeroasters.com\/wp-content\/uploads\/2022\/05\/Etiopia_Onyx_New.png\",\"contentUrl\":\"https:\/\/camdencoffeeroasters.com\/wp-content\/uploads\/2022\/05\/Etiopia_Onyx_New.png\",\"width\":750,\"height\":750},{\"@type\":\"BreadcrumbList\",\"@id\":\"https:\/\/camdencoffeeroasters.com\/en\/producto\/ethiopia-onyx-organic\/#breadcrumb\",\"itemListElement\":[{\"@type\":\"ListItem\",\"position\":1,\"name\":\"Portada\",\"item\":\"https:\/\/camdencoffeeroasters.com\/\"},{\"@type\":\"ListItem\",\"position\":2,\"name\":\"Productos\",\"item\":\"https:\/\/camdencoffeeroasters.com\/shop\/\"},{\"@type\":\"ListItem\",\"position\":3,\"name\":\"Ethiopia \u2013 Onyx Organic\"}]},{\"@type\":\"WebSite\",\"@id\":\"https:\/\/camdencoffeeroasters.com\/#website\",\"url\":\"https:\/\/camdencoffeeroasters.com\/\",\"name\":\"Camden Coffee Roasters - Caf\u00e9 de Especialidad | Specialty Coffee Madrid\",\"description\":\"Camden Coffee Roasters es una micro tostadora de caf\u00e9 de especialidad de tercera generaci\u00f3n en la que adoramos el caf\u00e9.\",\"alternateName\":\"Camden Coffee Roasters - Caf\u00e9 de Especialidad\",\"potentialAction\":[{\"@type\":\"SearchAction\",\"target\":{\"@type\":\"EntryPoint\",\"urlTemplate\":\"https:\/\/camdencoffeeroasters.com\/?s={search_term_string}\"},\"query-input\":{\"@type\":\"PropertyValueSpecification\",\"valueRequired\":true,\"valueName\":\"search_term_string\"}}],\"inLanguage\":\"en-US\"}]}<\/script>\n<!-- \/ Yoast SEO plugin. -->","yoast_head_json":{"title":"Ethiopia \u2013 Onyx Organic - Camden Coffee Roasters - Caf\u00e9 de Especialidad | Specialty Coffee Madrid %","description":"Several family farms in Borena grow this certified organic coffee and then process it in the mill that belongs to the Kassa family. They promote sustainability in production and generate a positive socioeconomic and environmental impact. These beans come from the most typical variety of Ethiopia, Heirloom, which grows in the shade. This contributes to using less water for their growth and development. This excellent and acidic Ethiopian coffee is characterized by its unique and exquisite flavor, along with a full body.It becomes a perfect drink for both filter and espresso.","robots":{"index":"index","follow":"follow","max-snippet":"max-snippet:-1","max-image-preview":"max-image-preview:large","max-video-preview":"max-video-preview:-1"},"canonical":"https:\/\/camdencoffeeroasters.com\/en\/producto\/ethiopia-onyx-organic\/","og_locale":"en_US","og_type":"article","og_title":"Ethiopia \u2013 Onyx Organic - Camden Coffee Roasters - Caf\u00e9 de Especialidad | Specialty Coffee Madrid %","og_description":"Several family farms in Borena grow this certified organic coffee and then process it in the mill that belongs to the Kassa family. They promote sustainability in production and generate a positive socioeconomic and environmental impact. These beans come from the most typical variety of Ethiopia, Heirloom, which grows in the shade. This contributes to using less water for their growth and development. This excellent and acidic Ethiopian coffee is characterized by its unique and exquisite flavor, along with a full body.It becomes a perfect drink for both filter and espresso.","og_url":"https:\/\/camdencoffeeroasters.com\/en\/producto\/ethiopia-onyx-organic\/","og_site_name":"Camden Coffee Roasters - Caf\u00e9 de Especialidad | Specialty Coffee Madrid","article_modified_time":"2026-04-20T12:26:35+00:00","og_image":[{"width":750,"height":750,"url":"https:\/\/camdencoffeeroasters.com\/wp-content\/uploads\/2022\/05\/Etiopia_Onyx_New.png","type":"image\/png"}],"twitter_card":"summary_large_image","twitter_misc":{"Est. reading time":"1 minute"},"schema":{"@context":"https:\/\/schema.org","@graph":[{"@type":"WebPage","@id":"https:\/\/camdencoffeeroasters.com\/en\/producto\/ethiopia-onyx-organic\/","url":"https:\/\/camdencoffeeroasters.com\/en\/producto\/ethiopia-onyx-organic\/","name":"Ethiopia \u2013 Onyx Organic - Camden Coffee Roasters - Caf\u00e9 de Especialidad | Specialty Coffee Madrid %","isPartOf":{"@id":"https:\/\/camdencoffeeroasters.com\/#website"},"primaryImageOfPage":{"@id":"https:\/\/camdencoffeeroasters.com\/en\/producto\/ethiopia-onyx-organic\/#primaryimage"},"image":{"@id":"https:\/\/camdencoffeeroasters.com\/en\/producto\/ethiopia-onyx-organic\/#primaryimage"},"thumbnailUrl":"https:\/\/camdencoffeeroasters.com\/wp-content\/uploads\/2022\/05\/Etiopia_Onyx_New.png","datePublished":"2022-06-16T07:13:15+00:00","dateModified":"2026-04-20T12:26:35+00:00","description":"Several family farms in Borena grow this certified organic coffee and then process it in the mill that belongs to the Kassa family. They promote sustainability in production and generate a positive socioeconomic and environmental impact. These beans come from the most typical variety of Ethiopia, Heirloom, which grows in the shade. This contributes to using less water for their growth and development. This excellent and acidic Ethiopian coffee is characterized by its unique and exquisite flavor, along with a full body.It becomes a perfect drink for both filter and espresso.","breadcrumb":{"@id":"https:\/\/camdencoffeeroasters.com\/en\/producto\/ethiopia-onyx-organic\/#breadcrumb"},"inLanguage":"en-US","potentialAction":[{"@type":"ReadAction","target":["https:\/\/camdencoffeeroasters.com\/en\/producto\/ethiopia-onyx-organic\/"]}]},{"@type":"ImageObject","inLanguage":"en-US","@id":"https:\/\/camdencoffeeroasters.com\/en\/producto\/ethiopia-onyx-organic\/#primaryimage","url":"https:\/\/camdencoffeeroasters.com\/wp-content\/uploads\/2022\/05\/Etiopia_Onyx_New.png","contentUrl":"https:\/\/camdencoffeeroasters.com\/wp-content\/uploads\/2022\/05\/Etiopia_Onyx_New.png","width":750,"height":750},{"@type":"BreadcrumbList","@id":"https:\/\/camdencoffeeroasters.com\/en\/producto\/ethiopia-onyx-organic\/#breadcrumb","itemListElement":[{"@type":"ListItem","position":1,"name":"Portada","item":"https:\/\/camdencoffeeroasters.com\/"},{"@type":"ListItem","position":2,"name":"Productos","item":"https:\/\/camdencoffeeroasters.com\/shop\/"},{"@type":"ListItem","position":3,"name":"Ethiopia \u2013 Onyx Organic"}]},{"@type":"WebSite","@id":"https:\/\/camdencoffeeroasters.com\/#website","url":"https:\/\/camdencoffeeroasters.com\/","name":"Camden Coffee Roasters - Caf\u00e9 de Especialidad | Specialty Coffee Madrid","description":"Camden Coffee Roasters es una micro tostadora de caf\u00e9 de especialidad de tercera generaci\u00f3n en la que adoramos el caf\u00e9.","alternateName":"Camden Coffee Roasters - Caf\u00e9 de Especialidad","potentialAction":[{"@type":"SearchAction","target":{"@type":"EntryPoint","urlTemplate":"https:\/\/camdencoffeeroasters.com\/?s={search_term_string}"},"query-input":{"@type":"PropertyValueSpecification","valueRequired":true,"valueName":"search_term_string"}}],"inLanguage":"en-US"}]}},"_links":{"self":[{"href":"https:\/\/camdencoffeeroasters.com\/en\/wp-json\/wp\/v2\/product\/8887","targetHints":{"allow":["GET"]}}],"collection":[{"href":"https:\/\/camdencoffeeroasters.com\/en\/wp-json\/wp\/v2\/product"}],"about":[{"href":"https:\/\/camdencoffeeroasters.com\/en\/wp-json\/wp\/v2\/types\/product"}],"replies":[{"embeddable":true,"href":"https:\/\/camdencoffeeroasters.com\/en\/wp-json\/wp\/v2\/comments?post=8887"}],"wp:featuredmedia":[{"embeddable":true,"href":"https:\/\/camdencoffeeroasters.com\/en\/wp-json\/wp\/v2\/media\/8844"}],"wp:attachment":[{"href":"https:\/\/camdencoffeeroasters.com\/en\/wp-json\/wp\/v2\/media?parent=8887"}],"wp:term":[{"taxonomy":"product_brand","embeddable":true,"href":"https:\/\/camdencoffeeroasters.com\/en\/wp-json\/wp\/v2\/product_brand?post=8887"},{"taxonomy":"product_cat","embeddable":true,"href":"https:\/\/camdencoffeeroasters.com\/en\/wp-json\/wp\/v2\/product_cat?post=8887"},{"taxonomy":"product_tag","embeddable":true,"href":"https:\/\/camdencoffeeroasters.com\/en\/wp-json\/wp\/v2\/product_tag?post=8887"}],"curies":[{"name":"wp","href":"https:\/\/api.w.org\/{rel}","templated":true}]}}