{"id":10708,"date":"2026-04-01T09:27:02","date_gmt":"2026-04-01T07:27:02","guid":{"rendered":"https:\/\/camdencoffeeroasters.com\/?post_type=product&#038;p=10708"},"modified":"2026-04-09T09:28:15","modified_gmt":"2026-04-09T07:28:15","slug":"rwanda-uruzi","status":"publish","type":"product","link":"https:\/\/camdencoffeeroasters.com\/en\/producto\/rwanda-uruzi\/","title":{"rendered":"Rwanda &#8211; Uruzi"},"content":{"rendered":"<p>Rwanda is known as the land of a thousand hills, boasting a climate and topography ideal for cultivating high-quality coffee. After the 1990 genocide, the population found hope for the future in specialty coffee plantations. Thanks to foreign development organizations, aid arrived in Rwanda to support coffee production as a driver of the economy.<br \/>\nBy purchasing this coffee, we are all contributing to the breast cancer prevention project that Mare Terra (our specialty coffee supplier) is carrying out in Rwanda. Uruzi is part of the coffee lots produced at the Muzo washing station by Emmanuel Rusatira (Baho Coffee), located in the Gakenke coffee-growing region.<\/p>\n<p>Emmanuel Rusatira is the founder and owner of Baho Coffee, with extensive experience in the coffee sector, acquired during 15 years working for a coffee exporting group in Rwanda. In 2016, he decided to embark on his own project with the goal of establishing washing stations in various regions of the country, thus offering a range of unique profiles that reflect the diversity of Rwanda. Currently, Baho Coffee operates 12 washing stations across the country, guaranteeing the high quality of its products through a controlled process for the coffee cherries.<\/p>\n<p>The name &#8220;Baho&#8221; comes from a Rwandan expression that symbolizes &#8220;to have life, to be strong, and to overcome adversity,&#8221; values \u200b\u200bwith which Emmanuel deeply identifies. After years of effort and sacrifice, he managed to get ahead alongside his family, and now, as an entrepreneur, he works closely with coffee farmers to empower them and continuously improve the quality of coffee in his country.<\/p>\n<p>The washing process enhances the true character of this coffee, allowing the purity of the bean to express itself. This reveals the complexity of its growing conditions: an authentic specialty coffee flavor.<\/p>\n<p>Ideal for filter brewing, cold brew, espresso, and Italian-style brewing.<\/p>\n<p>&nbsp;<\/p>\n","protected":false},"excerpt":{"rendered":"<p>&nbsp;<\/p>\n<p style=\"text-align: right;\"><strong>Free shipping from 40\u20ac purchase<\/strong><\/p>\n<p>&nbsp;<\/p>\n<p style=\"text-align: right;\"><strong>SKU<\/strong>: N\/D<\/p>\n<p style=\"text-align: right;\"><strong>CATEGORY<\/strong>: CAF\u00c9<\/p>\n<p>&nbsp;<\/p>\n<p style=\"text-align: right;\"><strong>COUNTRY<\/strong>: Ruanda<\/p>\n<p style=\"text-align: right;\"><strong>REGION<\/strong>: Gakenke<\/p>\n<p style=\"text-align: right;\"><strong>HEIGHT<\/strong>: 1.700 &#8211; 2.500 a.s.l.<\/p>\n<p style=\"text-align: right;\"><strong>VARIETY<\/strong>: Red Bourbon<\/p>\n<p style=\"text-align: right;\"><strong>PROCESS<\/strong>: Washed fermented<\/p>\n","protected":false},"featured_media":10695,"comment_status":"open","ping_status":"closed","template":"","meta":[],"product_brand":[],"product_cat":[119],"product_tag":[],"class_list":{"0":"post-10708","1":"product","2":"type-product","3":"status-publish","4":"has-post-thumbnail","6":"product_cat-cafe-en","8":"first","9":"instock","10":"shipping-taxable","11":"purchasable","12":"product-type-variable"},"yoast_head":"<!-- This site is optimized with the Yoast SEO plugin v26.9 - https:\/\/yoast.com\/product\/yoast-seo-wordpress\/ -->\n<title>Rwanda - Uruzi - Camden Coffee Roasters - Caf\u00e9 de Especialidad | Specialty Coffee Madrid<\/title>\n<meta name=\"description\" content=\"The washing process enhances the true character of this coffee, allowing the purity of the bean to express itself. This reveals the complexity of its growing conditions: an authentic specialty coffee flavor. Ideal for filter brewing, cold brew, espresso, and Italian-style brewing.\" \/>\n<meta name=\"robots\" content=\"index, follow, max-snippet:-1, max-image-preview:large, max-video-preview:-1\" \/>\n<link rel=\"canonical\" href=\"https:\/\/camdencoffeeroasters.com\/en\/producto\/rwanda-uruzi\/\" \/>\n<meta property=\"og:locale\" content=\"en_US\" \/>\n<meta property=\"og:type\" content=\"article\" \/>\n<meta property=\"og:title\" content=\"Rwanda - Uruzi - Camden Coffee Roasters - Caf\u00e9 de Especialidad | Specialty Coffee Madrid\" \/>\n<meta property=\"og:description\" content=\"The washing process enhances the true character of this coffee, allowing the purity of the bean to express itself. This reveals the complexity of its growing conditions: an authentic specialty coffee flavor. Ideal for filter brewing, cold brew, espresso, and Italian-style brewing.\" \/>\n<meta property=\"og:url\" content=\"https:\/\/camdencoffeeroasters.com\/en\/producto\/rwanda-uruzi\/\" \/>\n<meta property=\"og:site_name\" content=\"Camden Coffee Roasters - Caf\u00e9 de Especialidad | Specialty Coffee Madrid\" \/>\n<meta property=\"article:modified_time\" content=\"2026-04-09T07:28:15+00:00\" \/>\n<meta property=\"og:image\" content=\"https:\/\/camdencoffeeroasters.com\/wp-content\/uploads\/2026\/04\/Ruanda_Uruzi.png\" \/>\n\t<meta property=\"og:image:width\" content=\"750\" \/>\n\t<meta property=\"og:image:height\" content=\"750\" \/>\n\t<meta property=\"og:image:type\" content=\"image\/png\" \/>\n<meta name=\"twitter:card\" content=\"summary_large_image\" \/>\n<meta name=\"twitter:label1\" content=\"Est. reading time\" \/>\n\t<meta name=\"twitter:data1\" content=\"2 minutes\" \/>\n<script type=\"application\/ld+json\" class=\"yoast-schema-graph\">{\"@context\":\"https:\/\/schema.org\",\"@graph\":[{\"@type\":\"WebPage\",\"@id\":\"https:\/\/camdencoffeeroasters.com\/en\/producto\/rwanda-uruzi\/\",\"url\":\"https:\/\/camdencoffeeroasters.com\/en\/producto\/rwanda-uruzi\/\",\"name\":\"Rwanda - Uruzi - Camden Coffee Roasters - Caf\u00e9 de Especialidad | Specialty Coffee Madrid\",\"isPartOf\":{\"@id\":\"https:\/\/camdencoffeeroasters.com\/#website\"},\"primaryImageOfPage\":{\"@id\":\"https:\/\/camdencoffeeroasters.com\/en\/producto\/rwanda-uruzi\/#primaryimage\"},\"image\":{\"@id\":\"https:\/\/camdencoffeeroasters.com\/en\/producto\/rwanda-uruzi\/#primaryimage\"},\"thumbnailUrl\":\"https:\/\/camdencoffeeroasters.com\/wp-content\/uploads\/2026\/04\/Ruanda_Uruzi.png\",\"datePublished\":\"2026-04-01T07:27:02+00:00\",\"dateModified\":\"2026-04-09T07:28:15+00:00\",\"description\":\"The washing process enhances the true character of this coffee, allowing the purity of the bean to express itself. This reveals the complexity of its growing conditions: an authentic specialty coffee flavor. Ideal for filter brewing, cold brew, espresso, and Italian-style brewing.\",\"breadcrumb\":{\"@id\":\"https:\/\/camdencoffeeroasters.com\/en\/producto\/rwanda-uruzi\/#breadcrumb\"},\"inLanguage\":\"en-US\",\"potentialAction\":[{\"@type\":\"ReadAction\",\"target\":[\"https:\/\/camdencoffeeroasters.com\/en\/producto\/rwanda-uruzi\/\"]}]},{\"@type\":\"ImageObject\",\"inLanguage\":\"en-US\",\"@id\":\"https:\/\/camdencoffeeroasters.com\/en\/producto\/rwanda-uruzi\/#primaryimage\",\"url\":\"https:\/\/camdencoffeeroasters.com\/wp-content\/uploads\/2026\/04\/Ruanda_Uruzi.png\",\"contentUrl\":\"https:\/\/camdencoffeeroasters.com\/wp-content\/uploads\/2026\/04\/Ruanda_Uruzi.png\",\"width\":750,\"height\":750,\"caption\":\"bolsa de caf\u00e9 de especialidad\"},{\"@type\":\"BreadcrumbList\",\"@id\":\"https:\/\/camdencoffeeroasters.com\/en\/producto\/rwanda-uruzi\/#breadcrumb\",\"itemListElement\":[{\"@type\":\"ListItem\",\"position\":1,\"name\":\"Portada\",\"item\":\"https:\/\/camdencoffeeroasters.com\/\"},{\"@type\":\"ListItem\",\"position\":2,\"name\":\"Productos\",\"item\":\"https:\/\/camdencoffeeroasters.com\/shop\/\"},{\"@type\":\"ListItem\",\"position\":3,\"name\":\"Rwanda &#8211; Uruzi\"}]},{\"@type\":\"WebSite\",\"@id\":\"https:\/\/camdencoffeeroasters.com\/#website\",\"url\":\"https:\/\/camdencoffeeroasters.com\/\",\"name\":\"Camden Coffee Roasters - Caf\u00e9 de Especialidad | Specialty Coffee Madrid\",\"description\":\"Camden Coffee Roasters es una micro tostadora de caf\u00e9 de especialidad de tercera generaci\u00f3n en la que adoramos el caf\u00e9.\",\"alternateName\":\"Camden Coffee Roasters - Caf\u00e9 de Especialidad\",\"potentialAction\":[{\"@type\":\"SearchAction\",\"target\":{\"@type\":\"EntryPoint\",\"urlTemplate\":\"https:\/\/camdencoffeeroasters.com\/?s={search_term_string}\"},\"query-input\":{\"@type\":\"PropertyValueSpecification\",\"valueRequired\":true,\"valueName\":\"search_term_string\"}}],\"inLanguage\":\"en-US\"}]}<\/script>\n<!-- \/ Yoast SEO plugin. -->","yoast_head_json":{"title":"Rwanda - Uruzi - Camden Coffee Roasters - Caf\u00e9 de Especialidad | Specialty Coffee Madrid","description":"The washing process enhances the true character of this coffee, allowing the purity of the bean to express itself. This reveals the complexity of its growing conditions: an authentic specialty coffee flavor. Ideal for filter brewing, cold brew, espresso, and Italian-style brewing.","robots":{"index":"index","follow":"follow","max-snippet":"max-snippet:-1","max-image-preview":"max-image-preview:large","max-video-preview":"max-video-preview:-1"},"canonical":"https:\/\/camdencoffeeroasters.com\/en\/producto\/rwanda-uruzi\/","og_locale":"en_US","og_type":"article","og_title":"Rwanda - Uruzi - Camden Coffee Roasters - Caf\u00e9 de Especialidad | Specialty Coffee Madrid","og_description":"The washing process enhances the true character of this coffee, allowing the purity of the bean to express itself. This reveals the complexity of its growing conditions: an authentic specialty coffee flavor. Ideal for filter brewing, cold brew, espresso, and Italian-style brewing.","og_url":"https:\/\/camdencoffeeroasters.com\/en\/producto\/rwanda-uruzi\/","og_site_name":"Camden Coffee Roasters - Caf\u00e9 de Especialidad | Specialty Coffee Madrid","article_modified_time":"2026-04-09T07:28:15+00:00","og_image":[{"width":750,"height":750,"url":"https:\/\/camdencoffeeroasters.com\/wp-content\/uploads\/2026\/04\/Ruanda_Uruzi.png","type":"image\/png"}],"twitter_card":"summary_large_image","twitter_misc":{"Est. reading time":"2 minutes"},"schema":{"@context":"https:\/\/schema.org","@graph":[{"@type":"WebPage","@id":"https:\/\/camdencoffeeroasters.com\/en\/producto\/rwanda-uruzi\/","url":"https:\/\/camdencoffeeroasters.com\/en\/producto\/rwanda-uruzi\/","name":"Rwanda - Uruzi - Camden Coffee Roasters - Caf\u00e9 de Especialidad | Specialty Coffee Madrid","isPartOf":{"@id":"https:\/\/camdencoffeeroasters.com\/#website"},"primaryImageOfPage":{"@id":"https:\/\/camdencoffeeroasters.com\/en\/producto\/rwanda-uruzi\/#primaryimage"},"image":{"@id":"https:\/\/camdencoffeeroasters.com\/en\/producto\/rwanda-uruzi\/#primaryimage"},"thumbnailUrl":"https:\/\/camdencoffeeroasters.com\/wp-content\/uploads\/2026\/04\/Ruanda_Uruzi.png","datePublished":"2026-04-01T07:27:02+00:00","dateModified":"2026-04-09T07:28:15+00:00","description":"The washing process enhances the true character of this coffee, allowing the purity of the bean to express itself. This reveals the complexity of its growing conditions: an authentic specialty coffee flavor. Ideal for filter brewing, cold brew, espresso, and Italian-style brewing.","breadcrumb":{"@id":"https:\/\/camdencoffeeroasters.com\/en\/producto\/rwanda-uruzi\/#breadcrumb"},"inLanguage":"en-US","potentialAction":[{"@type":"ReadAction","target":["https:\/\/camdencoffeeroasters.com\/en\/producto\/rwanda-uruzi\/"]}]},{"@type":"ImageObject","inLanguage":"en-US","@id":"https:\/\/camdencoffeeroasters.com\/en\/producto\/rwanda-uruzi\/#primaryimage","url":"https:\/\/camdencoffeeroasters.com\/wp-content\/uploads\/2026\/04\/Ruanda_Uruzi.png","contentUrl":"https:\/\/camdencoffeeroasters.com\/wp-content\/uploads\/2026\/04\/Ruanda_Uruzi.png","width":750,"height":750,"caption":"bolsa de caf\u00e9 de especialidad"},{"@type":"BreadcrumbList","@id":"https:\/\/camdencoffeeroasters.com\/en\/producto\/rwanda-uruzi\/#breadcrumb","itemListElement":[{"@type":"ListItem","position":1,"name":"Portada","item":"https:\/\/camdencoffeeroasters.com\/"},{"@type":"ListItem","position":2,"name":"Productos","item":"https:\/\/camdencoffeeroasters.com\/shop\/"},{"@type":"ListItem","position":3,"name":"Rwanda &#8211; Uruzi"}]},{"@type":"WebSite","@id":"https:\/\/camdencoffeeroasters.com\/#website","url":"https:\/\/camdencoffeeroasters.com\/","name":"Camden Coffee Roasters - Caf\u00e9 de Especialidad | Specialty Coffee Madrid","description":"Camden Coffee Roasters es una micro tostadora de caf\u00e9 de especialidad de tercera generaci\u00f3n en la que adoramos el caf\u00e9.","alternateName":"Camden Coffee Roasters - Caf\u00e9 de Especialidad","potentialAction":[{"@type":"SearchAction","target":{"@type":"EntryPoint","urlTemplate":"https:\/\/camdencoffeeroasters.com\/?s={search_term_string}"},"query-input":{"@type":"PropertyValueSpecification","valueRequired":true,"valueName":"search_term_string"}}],"inLanguage":"en-US"}]}},"_links":{"self":[{"href":"https:\/\/camdencoffeeroasters.com\/en\/wp-json\/wp\/v2\/product\/10708","targetHints":{"allow":["GET"]}}],"collection":[{"href":"https:\/\/camdencoffeeroasters.com\/en\/wp-json\/wp\/v2\/product"}],"about":[{"href":"https:\/\/camdencoffeeroasters.com\/en\/wp-json\/wp\/v2\/types\/product"}],"replies":[{"embeddable":true,"href":"https:\/\/camdencoffeeroasters.com\/en\/wp-json\/wp\/v2\/comments?post=10708"}],"wp:featuredmedia":[{"embeddable":true,"href":"https:\/\/camdencoffeeroasters.com\/en\/wp-json\/wp\/v2\/media\/10695"}],"wp:attachment":[{"href":"https:\/\/camdencoffeeroasters.com\/en\/wp-json\/wp\/v2\/media?parent=10708"}],"wp:term":[{"taxonomy":"product_brand","embeddable":true,"href":"https:\/\/camdencoffeeroasters.com\/en\/wp-json\/wp\/v2\/product_brand?post=10708"},{"taxonomy":"product_cat","embeddable":true,"href":"https:\/\/camdencoffeeroasters.com\/en\/wp-json\/wp\/v2\/product_cat?post=10708"},{"taxonomy":"product_tag","embeddable":true,"href":"https:\/\/camdencoffeeroasters.com\/en\/wp-json\/wp\/v2\/product_tag?post=10708"}],"curies":[{"name":"wp","href":"https:\/\/api.w.org\/{rel}","templated":true}]}}