{"id":10704,"date":"2026-04-01T09:21:16","date_gmt":"2026-04-01T07:21:16","guid":{"rendered":"https:\/\/camdencoffeeroasters.com\/?post_type=product&#038;p=10704"},"modified":"2026-04-09T09:28:15","modified_gmt":"2026-04-09T07:28:15","slug":"guatemala-naru","status":"publish","type":"product","link":"https:\/\/camdencoffeeroasters.com\/en\/producto\/guatemala-naru\/","title":{"rendered":"Guatemala &#8211; Naru"},"content":{"rendered":"<p>The region is characterized by its volcanic soil, high altitude, humidity, and rainfall typical of a tropical climate, and an active volcano. Pacaya is the most active of Guatemala&#8217;s three erupting volcanoes, periodically depositing a light ashfall, which enriches the soil with minerals. During the dry season, the area receives abundant sunshine. Although clouds, fog, and heavy dew are common in the early morning, they dissipate quickly, allowing the entire Fraijanes plateau to dry in the sun at a stable temperature year-round.<\/p>\n<p>This specialty coffee is made from Caturra beans, a natural mutation of the Bourbon variety, which contributes sweetness, citrus aromas, and balanced acidity.<\/p>\n<p>The coffee was harvested and dried using the Natural Sleeping Bag method, which enhances the concentration of sugars and aromatic compounds during drying, resulting in a more complex cup with greater fruit intensity and a rich, enveloping texture.<\/p>\n<p>It is a very versatile coffee, ideal for both filter brewing methods: Chemex, Aeropress, V60, French press, Cold brew, as well as for espresso.<\/p>\n","protected":false},"excerpt":{"rendered":"<p style=\"text-align: right;\"><strong>Free shipping from 40\u20ac purchase<\/strong><\/p>\n<p>&nbsp;<\/p>\n<p style=\"text-align: right;\"><strong>SKU<\/strong>: N\/D<\/p>\n<p style=\"text-align: right;\"><strong>CATEGORY<\/strong>: CAF\u00c9<\/p>\n<p>&nbsp;<\/p>\n<p style=\"text-align: right;\"><strong>COUNTRY<\/strong>: Guatemala<\/p>\n<p style=\"text-align: right;\"><strong>REGION<\/strong>: Fraijanes<\/p>\n<p style=\"text-align: right;\"><strong>HEIGHT<\/strong>: 1.300-1.500 m.s.n.m<\/p>\n<p style=\"text-align: right;\"><strong>VARIETY<\/strong>: Caturra<\/p>\n<p style=\"text-align: right;\"><strong>PROCESS<\/strong>: Natural<\/p>\n","protected":false},"featured_media":10686,"comment_status":"open","ping_status":"closed","template":"","meta":[],"product_brand":[],"product_cat":[119],"product_tag":[],"class_list":{"0":"post-10704","1":"product","2":"type-product","3":"status-publish","4":"has-post-thumbnail","6":"product_cat-cafe-en","8":"first","9":"instock","10":"shipping-taxable","11":"purchasable","12":"product-type-variable"},"yoast_head":"<!-- This site is optimized with the Yoast SEO plugin v26.9 - https:\/\/yoast.com\/product\/yoast-seo-wordpress\/ -->\n<title>Guatemala - Naru - Camden Coffee Roasters - Caf\u00e9 de Especialidad | Specialty Coffee Madrid<\/title>\n<meta name=\"description\" content=\"The coffee was harvested and dried using the Natural Sleeping Bag method, which enhances the concentration of sugars and aromatic compounds during drying, resulting in a more complex cup with greater fruit intensity and a rich, enveloping texture.It is a very versatile coffee, ideal for both filter brewing methods: Chemex, Aeropress, V60, French press, Cold brew, as well as for espresso.\" \/>\n<meta name=\"robots\" content=\"index, follow, max-snippet:-1, max-image-preview:large, max-video-preview:-1\" \/>\n<link rel=\"canonical\" href=\"https:\/\/camdencoffeeroasters.com\/en\/producto\/guatemala-naru\/\" \/>\n<meta property=\"og:locale\" content=\"en_US\" \/>\n<meta property=\"og:type\" content=\"article\" \/>\n<meta property=\"og:title\" content=\"Guatemala - Naru - Camden Coffee Roasters - Caf\u00e9 de Especialidad | Specialty Coffee Madrid\" \/>\n<meta property=\"og:description\" content=\"The coffee was harvested and dried using the Natural Sleeping Bag method, which enhances the concentration of sugars and aromatic compounds during drying, resulting in a more complex cup with greater fruit intensity and a rich, enveloping texture.It is a very versatile coffee, ideal for both filter brewing methods: Chemex, Aeropress, V60, French press, Cold brew, as well as for espresso.\" \/>\n<meta property=\"og:url\" content=\"https:\/\/camdencoffeeroasters.com\/en\/producto\/guatemala-naru\/\" \/>\n<meta property=\"og:site_name\" content=\"Camden Coffee Roasters - Caf\u00e9 de Especialidad | Specialty Coffee Madrid\" \/>\n<meta property=\"article:modified_time\" content=\"2026-04-09T07:28:15+00:00\" \/>\n<meta property=\"og:image\" content=\"https:\/\/camdencoffeeroasters.com\/wp-content\/uploads\/2026\/04\/Guatemala_Naru.png\" \/>\n\t<meta property=\"og:image:width\" content=\"750\" \/>\n\t<meta property=\"og:image:height\" content=\"750\" \/>\n\t<meta property=\"og:image:type\" content=\"image\/png\" \/>\n<meta name=\"twitter:card\" content=\"summary_large_image\" \/>\n<meta name=\"twitter:label1\" content=\"Est. reading time\" \/>\n\t<meta name=\"twitter:data1\" content=\"1 minute\" \/>\n<script type=\"application\/ld+json\" class=\"yoast-schema-graph\">{\"@context\":\"https:\/\/schema.org\",\"@graph\":[{\"@type\":\"WebPage\",\"@id\":\"https:\/\/camdencoffeeroasters.com\/en\/producto\/guatemala-naru\/\",\"url\":\"https:\/\/camdencoffeeroasters.com\/en\/producto\/guatemala-naru\/\",\"name\":\"Guatemala - Naru - Camden Coffee Roasters - Caf\u00e9 de Especialidad | Specialty Coffee Madrid\",\"isPartOf\":{\"@id\":\"https:\/\/camdencoffeeroasters.com\/#website\"},\"primaryImageOfPage\":{\"@id\":\"https:\/\/camdencoffeeroasters.com\/en\/producto\/guatemala-naru\/#primaryimage\"},\"image\":{\"@id\":\"https:\/\/camdencoffeeroasters.com\/en\/producto\/guatemala-naru\/#primaryimage\"},\"thumbnailUrl\":\"https:\/\/camdencoffeeroasters.com\/wp-content\/uploads\/2026\/04\/Guatemala_Naru.png\",\"datePublished\":\"2026-04-01T07:21:16+00:00\",\"dateModified\":\"2026-04-09T07:28:15+00:00\",\"description\":\"The coffee was harvested and dried using the Natural Sleeping Bag method, which enhances the concentration of sugars and aromatic compounds during drying, resulting in a more complex cup with greater fruit intensity and a rich, enveloping texture.It is a very versatile coffee, ideal for both filter brewing methods: Chemex, Aeropress, V60, French press, Cold brew, as well as for espresso.\",\"breadcrumb\":{\"@id\":\"https:\/\/camdencoffeeroasters.com\/en\/producto\/guatemala-naru\/#breadcrumb\"},\"inLanguage\":\"en-US\",\"potentialAction\":[{\"@type\":\"ReadAction\",\"target\":[\"https:\/\/camdencoffeeroasters.com\/en\/producto\/guatemala-naru\/\"]}]},{\"@type\":\"ImageObject\",\"inLanguage\":\"en-US\",\"@id\":\"https:\/\/camdencoffeeroasters.com\/en\/producto\/guatemala-naru\/#primaryimage\",\"url\":\"https:\/\/camdencoffeeroasters.com\/wp-content\/uploads\/2026\/04\/Guatemala_Naru.png\",\"contentUrl\":\"https:\/\/camdencoffeeroasters.com\/wp-content\/uploads\/2026\/04\/Guatemala_Naru.png\",\"width\":750,\"height\":750,\"caption\":\"bolsa de caf\u00e9 de especialidad\"},{\"@type\":\"BreadcrumbList\",\"@id\":\"https:\/\/camdencoffeeroasters.com\/en\/producto\/guatemala-naru\/#breadcrumb\",\"itemListElement\":[{\"@type\":\"ListItem\",\"position\":1,\"name\":\"Portada\",\"item\":\"https:\/\/camdencoffeeroasters.com\/\"},{\"@type\":\"ListItem\",\"position\":2,\"name\":\"Productos\",\"item\":\"https:\/\/camdencoffeeroasters.com\/shop\/\"},{\"@type\":\"ListItem\",\"position\":3,\"name\":\"Guatemala &#8211; Naru\"}]},{\"@type\":\"WebSite\",\"@id\":\"https:\/\/camdencoffeeroasters.com\/#website\",\"url\":\"https:\/\/camdencoffeeroasters.com\/\",\"name\":\"Camden Coffee Roasters - Caf\u00e9 de Especialidad | Specialty Coffee Madrid\",\"description\":\"Camden Coffee Roasters es una micro tostadora de caf\u00e9 de especialidad de tercera generaci\u00f3n en la que adoramos el caf\u00e9.\",\"alternateName\":\"Camden Coffee Roasters - Caf\u00e9 de Especialidad\",\"potentialAction\":[{\"@type\":\"SearchAction\",\"target\":{\"@type\":\"EntryPoint\",\"urlTemplate\":\"https:\/\/camdencoffeeroasters.com\/?s={search_term_string}\"},\"query-input\":{\"@type\":\"PropertyValueSpecification\",\"valueRequired\":true,\"valueName\":\"search_term_string\"}}],\"inLanguage\":\"en-US\"}]}<\/script>\n<!-- \/ Yoast SEO plugin. -->","yoast_head_json":{"title":"Guatemala - Naru - Camden Coffee Roasters - Caf\u00e9 de Especialidad | Specialty Coffee Madrid","description":"The coffee was harvested and dried using the Natural Sleeping Bag method, which enhances the concentration of sugars and aromatic compounds during drying, resulting in a more complex cup with greater fruit intensity and a rich, enveloping texture.It is a very versatile coffee, ideal for both filter brewing methods: Chemex, Aeropress, V60, French press, Cold brew, as well as for espresso.","robots":{"index":"index","follow":"follow","max-snippet":"max-snippet:-1","max-image-preview":"max-image-preview:large","max-video-preview":"max-video-preview:-1"},"canonical":"https:\/\/camdencoffeeroasters.com\/en\/producto\/guatemala-naru\/","og_locale":"en_US","og_type":"article","og_title":"Guatemala - Naru - Camden Coffee Roasters - Caf\u00e9 de Especialidad | Specialty Coffee Madrid","og_description":"The coffee was harvested and dried using the Natural Sleeping Bag method, which enhances the concentration of sugars and aromatic compounds during drying, resulting in a more complex cup with greater fruit intensity and a rich, enveloping texture.It is a very versatile coffee, ideal for both filter brewing methods: Chemex, Aeropress, V60, French press, Cold brew, as well as for espresso.","og_url":"https:\/\/camdencoffeeroasters.com\/en\/producto\/guatemala-naru\/","og_site_name":"Camden Coffee Roasters - Caf\u00e9 de Especialidad | Specialty Coffee Madrid","article_modified_time":"2026-04-09T07:28:15+00:00","og_image":[{"width":750,"height":750,"url":"https:\/\/camdencoffeeroasters.com\/wp-content\/uploads\/2026\/04\/Guatemala_Naru.png","type":"image\/png"}],"twitter_card":"summary_large_image","twitter_misc":{"Est. reading time":"1 minute"},"schema":{"@context":"https:\/\/schema.org","@graph":[{"@type":"WebPage","@id":"https:\/\/camdencoffeeroasters.com\/en\/producto\/guatemala-naru\/","url":"https:\/\/camdencoffeeroasters.com\/en\/producto\/guatemala-naru\/","name":"Guatemala - Naru - Camden Coffee Roasters - Caf\u00e9 de Especialidad | Specialty Coffee Madrid","isPartOf":{"@id":"https:\/\/camdencoffeeroasters.com\/#website"},"primaryImageOfPage":{"@id":"https:\/\/camdencoffeeroasters.com\/en\/producto\/guatemala-naru\/#primaryimage"},"image":{"@id":"https:\/\/camdencoffeeroasters.com\/en\/producto\/guatemala-naru\/#primaryimage"},"thumbnailUrl":"https:\/\/camdencoffeeroasters.com\/wp-content\/uploads\/2026\/04\/Guatemala_Naru.png","datePublished":"2026-04-01T07:21:16+00:00","dateModified":"2026-04-09T07:28:15+00:00","description":"The coffee was harvested and dried using the Natural Sleeping Bag method, which enhances the concentration of sugars and aromatic compounds during drying, resulting in a more complex cup with greater fruit intensity and a rich, enveloping texture.It is a very versatile coffee, ideal for both filter brewing methods: Chemex, Aeropress, V60, French press, Cold brew, as well as for espresso.","breadcrumb":{"@id":"https:\/\/camdencoffeeroasters.com\/en\/producto\/guatemala-naru\/#breadcrumb"},"inLanguage":"en-US","potentialAction":[{"@type":"ReadAction","target":["https:\/\/camdencoffeeroasters.com\/en\/producto\/guatemala-naru\/"]}]},{"@type":"ImageObject","inLanguage":"en-US","@id":"https:\/\/camdencoffeeroasters.com\/en\/producto\/guatemala-naru\/#primaryimage","url":"https:\/\/camdencoffeeroasters.com\/wp-content\/uploads\/2026\/04\/Guatemala_Naru.png","contentUrl":"https:\/\/camdencoffeeroasters.com\/wp-content\/uploads\/2026\/04\/Guatemala_Naru.png","width":750,"height":750,"caption":"bolsa de caf\u00e9 de especialidad"},{"@type":"BreadcrumbList","@id":"https:\/\/camdencoffeeroasters.com\/en\/producto\/guatemala-naru\/#breadcrumb","itemListElement":[{"@type":"ListItem","position":1,"name":"Portada","item":"https:\/\/camdencoffeeroasters.com\/"},{"@type":"ListItem","position":2,"name":"Productos","item":"https:\/\/camdencoffeeroasters.com\/shop\/"},{"@type":"ListItem","position":3,"name":"Guatemala &#8211; Naru"}]},{"@type":"WebSite","@id":"https:\/\/camdencoffeeroasters.com\/#website","url":"https:\/\/camdencoffeeroasters.com\/","name":"Camden Coffee Roasters - Caf\u00e9 de Especialidad | Specialty Coffee Madrid","description":"Camden Coffee Roasters es una micro tostadora de caf\u00e9 de especialidad de tercera generaci\u00f3n en la que adoramos el caf\u00e9.","alternateName":"Camden Coffee Roasters - Caf\u00e9 de Especialidad","potentialAction":[{"@type":"SearchAction","target":{"@type":"EntryPoint","urlTemplate":"https:\/\/camdencoffeeroasters.com\/?s={search_term_string}"},"query-input":{"@type":"PropertyValueSpecification","valueRequired":true,"valueName":"search_term_string"}}],"inLanguage":"en-US"}]}},"_links":{"self":[{"href":"https:\/\/camdencoffeeroasters.com\/en\/wp-json\/wp\/v2\/product\/10704","targetHints":{"allow":["GET"]}}],"collection":[{"href":"https:\/\/camdencoffeeroasters.com\/en\/wp-json\/wp\/v2\/product"}],"about":[{"href":"https:\/\/camdencoffeeroasters.com\/en\/wp-json\/wp\/v2\/types\/product"}],"replies":[{"embeddable":true,"href":"https:\/\/camdencoffeeroasters.com\/en\/wp-json\/wp\/v2\/comments?post=10704"}],"wp:featuredmedia":[{"embeddable":true,"href":"https:\/\/camdencoffeeroasters.com\/en\/wp-json\/wp\/v2\/media\/10686"}],"wp:attachment":[{"href":"https:\/\/camdencoffeeroasters.com\/en\/wp-json\/wp\/v2\/media?parent=10704"}],"wp:term":[{"taxonomy":"product_brand","embeddable":true,"href":"https:\/\/camdencoffeeroasters.com\/en\/wp-json\/wp\/v2\/product_brand?post=10704"},{"taxonomy":"product_cat","embeddable":true,"href":"https:\/\/camdencoffeeroasters.com\/en\/wp-json\/wp\/v2\/product_cat?post=10704"},{"taxonomy":"product_tag","embeddable":true,"href":"https:\/\/camdencoffeeroasters.com\/en\/wp-json\/wp\/v2\/product_tag?post=10704"}],"curies":[{"name":"wp","href":"https:\/\/api.w.org\/{rel}","templated":true}]}}