{"id":10700,"date":"2026-04-01T09:15:07","date_gmt":"2026-04-01T07:15:07","guid":{"rendered":"https:\/\/camdencoffeeroasters.com\/?post_type=product&#038;p=10700"},"modified":"2026-04-01T09:20:42","modified_gmt":"2026-04-01T07:20:42","slug":"colombia-guaico-organic","status":"publish","type":"product","link":"https:\/\/camdencoffeeroasters.com\/en\/producto\/colombia-guaico-organic\/","title":{"rendered":"Colombia &#8211; Guaico Organic"},"content":{"rendered":"<p>Guaico specialty coffee is produced in the Nari\u00f1o coffee region, where coffee plants grow in mineral-rich soils at high altitudes.<\/p>\n<p>The cooperative, which brings together many coffee growers, was founded in 2011 to become the most reliable supplier of certified, high-quality green coffee. It has cooperatives in different coffee-growing regions of Colombia. After twelve years, they have extensive experience and have successfully worked with producers who share their values, convictions, and beliefs about their work. At both ends of the supply chain, they cultivate and work to build meaningful and close relationships, focusing on people, processes, and experiences.<\/p>\n<p>This specialty coffee is made from a selection of bean varieties, including Castillo, Caturra, Colombia, and Typica, harvested from thirty-seven coffee-growing districts located in the Nari\u00f1o region. This coffee-growing region ranks ninth in Colombia for its dedication to coffee production.<br \/>\nThe Caturra coffee bean is distinguished by its acidity and light to medium body. It has less clarity and sweetness than its ancestor, Bourbon. Coffee plantations of this bean were first developed in Brazil, and these small trees can now be found in Colombia, Costa Rica, and Nicaragua.<br \/>\nOn the other hand, the Castillo variety was created as a hybrid of Catimor, making it more resistant to coffee rust, eliminating the need for fungicides, and allowing farmers to ensure a stable harvest. The Typica variety, in turn, tends to thrive best at high altitudes, with stable climates and rich soils. This bean offers a clean, light-to-medium body that is both silky and refined, distinguished by a prominent sweetness reminiscent of honey, caramel, or milk chocolate. The citric acidity evokes fruits like orange, tangerine, or even green apple, but always with a delicacy that makes it very pleasant. This specialty coffee bean adds complex aromas with enveloping floral nuances.<\/p>\n<p>The Colombian coffee bean variety offers a flavor profile with vanilla notes and a sweet, balanced finish. It has a medium-high acidity and a fragrance of caramel and chocolate.<br \/>\nThanks to a medium roast, like the one we use at Camden Coffee Roasters, it achieves a medium body and a very mild bitterness, resulting in a clean and sweet cup. Its intense aroma of cocoa, caramel, and fruit like mandarin makes it an ideal beverage for both Italian and espresso brewing, and it pairs very well with milk.<\/p>\n","protected":false},"excerpt":{"rendered":"<p style=\"text-align: right;\"><strong>Free shipping from 40\u20ac purchase<\/strong><\/p>\n<p>&nbsp;<\/p>\n<p style=\"text-align: right;\"><strong>SKU<\/strong>: N\/D<\/p>\n<p style=\"text-align: right;\"><strong>CATEGORY<\/strong>: COFFEE<\/p>\n<p>&nbsp;<\/p>\n<p style=\"text-align: right;\"><strong>COUNTRY<\/strong>: Colombia<\/p>\n<p style=\"text-align: right;\"><strong>REGION<\/strong>: Nari\u00f1o<\/p>\n<p style=\"text-align: right;\"><strong>HEIGHT<\/strong>: 1.600-2.300 m.s.n.m<\/p>\n<p style=\"text-align: right;\"><strong>VARIETY<\/strong>: Castillo, Caturra, Colombia and Typica<\/p>\n<p style=\"text-align: right;\"><strong>PROCESS<\/strong>: Washed fermented<\/p>\n","protected":false},"featured_media":10688,"comment_status":"open","ping_status":"closed","template":"","meta":[],"product_brand":[],"product_cat":[119],"product_tag":[],"class_list":{"0":"post-10700","1":"product","2":"type-product","3":"status-publish","4":"has-post-thumbnail","6":"product_cat-cafe-en","8":"first","9":"instock","10":"shipping-taxable","11":"purchasable","12":"product-type-variable"},"yoast_head":"<!-- This site is optimized with the Yoast SEO plugin v26.9 - https:\/\/yoast.com\/product\/yoast-seo-wordpress\/ -->\n<title>Colombia - Guaico Organic - Camden Coffee Roasters - Caf\u00e9 de Especialidad | Specialty Coffee Madrid<\/title>\n<meta name=\"description\" content=\"Thanks to a medium roast, like the one we use at Camden Coffee Roasters, it achieves a medium body and a very mild bitterness, resulting in a clean and sweet cup. Its intense aroma of cocoa, caramel, and fruit like mandarin makes it an ideal beverage for both Italian and espresso brewing, and it pairs very well with milk.\" \/>\n<meta name=\"robots\" content=\"index, follow, max-snippet:-1, max-image-preview:large, max-video-preview:-1\" \/>\n<link rel=\"canonical\" href=\"https:\/\/camdencoffeeroasters.com\/en\/producto\/colombia-guaico-organic\/\" \/>\n<meta property=\"og:locale\" content=\"en_US\" \/>\n<meta property=\"og:type\" content=\"article\" \/>\n<meta property=\"og:title\" content=\"Colombia - Guaico Organic - Camden Coffee Roasters - Caf\u00e9 de Especialidad | Specialty Coffee Madrid\" \/>\n<meta property=\"og:description\" content=\"Thanks to a medium roast, like the one we use at Camden Coffee Roasters, it achieves a medium body and a very mild bitterness, resulting in a clean and sweet cup. Its intense aroma of cocoa, caramel, and fruit like mandarin makes it an ideal beverage for both Italian and espresso brewing, and it pairs very well with milk.\" \/>\n<meta property=\"og:url\" content=\"https:\/\/camdencoffeeroasters.com\/en\/producto\/colombia-guaico-organic\/\" \/>\n<meta property=\"og:site_name\" content=\"Camden Coffee Roasters - Caf\u00e9 de Especialidad | Specialty Coffee Madrid\" \/>\n<meta property=\"article:modified_time\" content=\"2026-04-01T07:20:42+00:00\" \/>\n<meta property=\"og:image\" content=\"https:\/\/camdencoffeeroasters.com\/wp-content\/uploads\/2026\/04\/Colombia_Guaico-1.png\" \/>\n\t<meta property=\"og:image:width\" content=\"750\" \/>\n\t<meta property=\"og:image:height\" content=\"750\" \/>\n\t<meta property=\"og:image:type\" content=\"image\/png\" \/>\n<meta name=\"twitter:card\" content=\"summary_large_image\" \/>\n<meta name=\"twitter:label1\" content=\"Est. reading time\" \/>\n\t<meta name=\"twitter:data1\" content=\"2 minutes\" \/>\n<script type=\"application\/ld+json\" class=\"yoast-schema-graph\">{\"@context\":\"https:\/\/schema.org\",\"@graph\":[{\"@type\":\"WebPage\",\"@id\":\"https:\/\/camdencoffeeroasters.com\/en\/producto\/colombia-guaico-organic\/\",\"url\":\"https:\/\/camdencoffeeroasters.com\/en\/producto\/colombia-guaico-organic\/\",\"name\":\"Colombia - Guaico Organic - Camden Coffee Roasters - Caf\u00e9 de Especialidad | Specialty Coffee Madrid\",\"isPartOf\":{\"@id\":\"https:\/\/camdencoffeeroasters.com\/#website\"},\"primaryImageOfPage\":{\"@id\":\"https:\/\/camdencoffeeroasters.com\/en\/producto\/colombia-guaico-organic\/#primaryimage\"},\"image\":{\"@id\":\"https:\/\/camdencoffeeroasters.com\/en\/producto\/colombia-guaico-organic\/#primaryimage\"},\"thumbnailUrl\":\"https:\/\/camdencoffeeroasters.com\/wp-content\/uploads\/2026\/04\/Colombia_Guaico-1.png\",\"datePublished\":\"2026-04-01T07:15:07+00:00\",\"dateModified\":\"2026-04-01T07:20:42+00:00\",\"description\":\"Thanks to a medium roast, like the one we use at Camden Coffee Roasters, it achieves a medium body and a very mild bitterness, resulting in a clean and sweet cup. Its intense aroma of cocoa, caramel, and fruit like mandarin makes it an ideal beverage for both Italian and espresso brewing, and it pairs very well with milk.\",\"breadcrumb\":{\"@id\":\"https:\/\/camdencoffeeroasters.com\/en\/producto\/colombia-guaico-organic\/#breadcrumb\"},\"inLanguage\":\"en-US\",\"potentialAction\":[{\"@type\":\"ReadAction\",\"target\":[\"https:\/\/camdencoffeeroasters.com\/en\/producto\/colombia-guaico-organic\/\"]}]},{\"@type\":\"ImageObject\",\"inLanguage\":\"en-US\",\"@id\":\"https:\/\/camdencoffeeroasters.com\/en\/producto\/colombia-guaico-organic\/#primaryimage\",\"url\":\"https:\/\/camdencoffeeroasters.com\/wp-content\/uploads\/2026\/04\/Colombia_Guaico-1.png\",\"contentUrl\":\"https:\/\/camdencoffeeroasters.com\/wp-content\/uploads\/2026\/04\/Colombia_Guaico-1.png\",\"width\":750,\"height\":750,\"caption\":\"caf\u00e9 de especialidad\"},{\"@type\":\"BreadcrumbList\",\"@id\":\"https:\/\/camdencoffeeroasters.com\/en\/producto\/colombia-guaico-organic\/#breadcrumb\",\"itemListElement\":[{\"@type\":\"ListItem\",\"position\":1,\"name\":\"Portada\",\"item\":\"https:\/\/camdencoffeeroasters.com\/\"},{\"@type\":\"ListItem\",\"position\":2,\"name\":\"Productos\",\"item\":\"https:\/\/camdencoffeeroasters.com\/shop\/\"},{\"@type\":\"ListItem\",\"position\":3,\"name\":\"Colombia &#8211; Guaico Organic\"}]},{\"@type\":\"WebSite\",\"@id\":\"https:\/\/camdencoffeeroasters.com\/#website\",\"url\":\"https:\/\/camdencoffeeroasters.com\/\",\"name\":\"Camden Coffee Roasters - Caf\u00e9 de Especialidad | Specialty Coffee Madrid\",\"description\":\"Camden Coffee Roasters es una micro tostadora de caf\u00e9 de especialidad de tercera generaci\u00f3n en la que adoramos el caf\u00e9.\",\"alternateName\":\"Camden Coffee Roasters - Caf\u00e9 de Especialidad\",\"potentialAction\":[{\"@type\":\"SearchAction\",\"target\":{\"@type\":\"EntryPoint\",\"urlTemplate\":\"https:\/\/camdencoffeeroasters.com\/?s={search_term_string}\"},\"query-input\":{\"@type\":\"PropertyValueSpecification\",\"valueRequired\":true,\"valueName\":\"search_term_string\"}}],\"inLanguage\":\"en-US\"}]}<\/script>\n<!-- \/ Yoast SEO plugin. -->","yoast_head_json":{"title":"Colombia - Guaico Organic - Camden Coffee Roasters - Caf\u00e9 de Especialidad | Specialty Coffee Madrid","description":"Thanks to a medium roast, like the one we use at Camden Coffee Roasters, it achieves a medium body and a very mild bitterness, resulting in a clean and sweet cup. Its intense aroma of cocoa, caramel, and fruit like mandarin makes it an ideal beverage for both Italian and espresso brewing, and it pairs very well with milk.","robots":{"index":"index","follow":"follow","max-snippet":"max-snippet:-1","max-image-preview":"max-image-preview:large","max-video-preview":"max-video-preview:-1"},"canonical":"https:\/\/camdencoffeeroasters.com\/en\/producto\/colombia-guaico-organic\/","og_locale":"en_US","og_type":"article","og_title":"Colombia - Guaico Organic - Camden Coffee Roasters - Caf\u00e9 de Especialidad | Specialty Coffee Madrid","og_description":"Thanks to a medium roast, like the one we use at Camden Coffee Roasters, it achieves a medium body and a very mild bitterness, resulting in a clean and sweet cup. Its intense aroma of cocoa, caramel, and fruit like mandarin makes it an ideal beverage for both Italian and espresso brewing, and it pairs very well with milk.","og_url":"https:\/\/camdencoffeeroasters.com\/en\/producto\/colombia-guaico-organic\/","og_site_name":"Camden Coffee Roasters - Caf\u00e9 de Especialidad | Specialty Coffee Madrid","article_modified_time":"2026-04-01T07:20:42+00:00","og_image":[{"width":750,"height":750,"url":"https:\/\/camdencoffeeroasters.com\/wp-content\/uploads\/2026\/04\/Colombia_Guaico-1.png","type":"image\/png"}],"twitter_card":"summary_large_image","twitter_misc":{"Est. reading time":"2 minutes"},"schema":{"@context":"https:\/\/schema.org","@graph":[{"@type":"WebPage","@id":"https:\/\/camdencoffeeroasters.com\/en\/producto\/colombia-guaico-organic\/","url":"https:\/\/camdencoffeeroasters.com\/en\/producto\/colombia-guaico-organic\/","name":"Colombia - Guaico Organic - Camden Coffee Roasters - Caf\u00e9 de Especialidad | Specialty Coffee Madrid","isPartOf":{"@id":"https:\/\/camdencoffeeroasters.com\/#website"},"primaryImageOfPage":{"@id":"https:\/\/camdencoffeeroasters.com\/en\/producto\/colombia-guaico-organic\/#primaryimage"},"image":{"@id":"https:\/\/camdencoffeeroasters.com\/en\/producto\/colombia-guaico-organic\/#primaryimage"},"thumbnailUrl":"https:\/\/camdencoffeeroasters.com\/wp-content\/uploads\/2026\/04\/Colombia_Guaico-1.png","datePublished":"2026-04-01T07:15:07+00:00","dateModified":"2026-04-01T07:20:42+00:00","description":"Thanks to a medium roast, like the one we use at Camden Coffee Roasters, it achieves a medium body and a very mild bitterness, resulting in a clean and sweet cup. Its intense aroma of cocoa, caramel, and fruit like mandarin makes it an ideal beverage for both Italian and espresso brewing, and it pairs very well with milk.","breadcrumb":{"@id":"https:\/\/camdencoffeeroasters.com\/en\/producto\/colombia-guaico-organic\/#breadcrumb"},"inLanguage":"en-US","potentialAction":[{"@type":"ReadAction","target":["https:\/\/camdencoffeeroasters.com\/en\/producto\/colombia-guaico-organic\/"]}]},{"@type":"ImageObject","inLanguage":"en-US","@id":"https:\/\/camdencoffeeroasters.com\/en\/producto\/colombia-guaico-organic\/#primaryimage","url":"https:\/\/camdencoffeeroasters.com\/wp-content\/uploads\/2026\/04\/Colombia_Guaico-1.png","contentUrl":"https:\/\/camdencoffeeroasters.com\/wp-content\/uploads\/2026\/04\/Colombia_Guaico-1.png","width":750,"height":750,"caption":"caf\u00e9 de especialidad"},{"@type":"BreadcrumbList","@id":"https:\/\/camdencoffeeroasters.com\/en\/producto\/colombia-guaico-organic\/#breadcrumb","itemListElement":[{"@type":"ListItem","position":1,"name":"Portada","item":"https:\/\/camdencoffeeroasters.com\/"},{"@type":"ListItem","position":2,"name":"Productos","item":"https:\/\/camdencoffeeroasters.com\/shop\/"},{"@type":"ListItem","position":3,"name":"Colombia &#8211; Guaico Organic"}]},{"@type":"WebSite","@id":"https:\/\/camdencoffeeroasters.com\/#website","url":"https:\/\/camdencoffeeroasters.com\/","name":"Camden Coffee Roasters - Caf\u00e9 de Especialidad | Specialty Coffee Madrid","description":"Camden Coffee Roasters es una micro tostadora de caf\u00e9 de especialidad de tercera generaci\u00f3n en la que adoramos el caf\u00e9.","alternateName":"Camden Coffee Roasters - Caf\u00e9 de Especialidad","potentialAction":[{"@type":"SearchAction","target":{"@type":"EntryPoint","urlTemplate":"https:\/\/camdencoffeeroasters.com\/?s={search_term_string}"},"query-input":{"@type":"PropertyValueSpecification","valueRequired":true,"valueName":"search_term_string"}}],"inLanguage":"en-US"}]}},"_links":{"self":[{"href":"https:\/\/camdencoffeeroasters.com\/en\/wp-json\/wp\/v2\/product\/10700","targetHints":{"allow":["GET"]}}],"collection":[{"href":"https:\/\/camdencoffeeroasters.com\/en\/wp-json\/wp\/v2\/product"}],"about":[{"href":"https:\/\/camdencoffeeroasters.com\/en\/wp-json\/wp\/v2\/types\/product"}],"replies":[{"embeddable":true,"href":"https:\/\/camdencoffeeroasters.com\/en\/wp-json\/wp\/v2\/comments?post=10700"}],"wp:featuredmedia":[{"embeddable":true,"href":"https:\/\/camdencoffeeroasters.com\/en\/wp-json\/wp\/v2\/media\/10688"}],"wp:attachment":[{"href":"https:\/\/camdencoffeeroasters.com\/en\/wp-json\/wp\/v2\/media?parent=10700"}],"wp:term":[{"taxonomy":"product_brand","embeddable":true,"href":"https:\/\/camdencoffeeroasters.com\/en\/wp-json\/wp\/v2\/product_brand?post=10700"},{"taxonomy":"product_cat","embeddable":true,"href":"https:\/\/camdencoffeeroasters.com\/en\/wp-json\/wp\/v2\/product_cat?post=10700"},{"taxonomy":"product_tag","embeddable":true,"href":"https:\/\/camdencoffeeroasters.com\/en\/wp-json\/wp\/v2\/product_tag?post=10700"}],"curies":[{"name":"wp","href":"https:\/\/api.w.org\/{rel}","templated":true}]}}