{"id":10696,"date":"2026-04-01T09:09:31","date_gmt":"2026-04-01T07:09:31","guid":{"rendered":"https:\/\/camdencoffeeroasters.com\/?post_type=product&#038;p=10696"},"modified":"2026-04-01T09:12:56","modified_gmt":"2026-04-01T07:12:56","slug":"honduras-barana","status":"publish","type":"product","link":"https:\/\/camdencoffeeroasters.com\/en\/producto\/honduras-barana\/","title":{"rendered":"Honduras \u2013 Barana"},"content":{"rendered":"<p>Barana is a specialty coffee produced by a family-owned exporting company, founded in 1991 in the coffee-growing region of Cop\u00e1n, Honduras, and comprised of several coffee farmers.<\/p>\n<p>The farms are located between the Montecillos Mountain Range, Otatala, Masaguara, and Intibuc\u00e1. These coffee farmers specialize in organic and fair trade coffees. The company holds Bio Latina and FLO-Cert (Fair Trade) certifications and has a production capacity of 17,000 quintals. It offers wet and dry coffee processing services, negotiation of sales in the organic and fair trade markets, financial support for its members, and training.<br \/>\nThe Catuai coffee bean is distinguished by its natural sweetness and its noticeable yet gentle acidity. It is a versatile and flavorful variety that reflects the tradition and dedication of coffee farmers in different regions of the world. Coffee plantations of this bean were first developed in Brazil as a hybrid between the Mundo Novo and Caturra varieties. These small trees can be found in Brazil, Colombia, Honduras, Costa Rica, and Guatemala.<\/p>\n<p>On the other hand, the Icatu variety was created as an interspecific hybrid (Arabica x Robusta) developed to combat coffee rust. It doesn&#8217;t require fungicides and allows farmers to ensure a stable harvest. The Lempira variety is also a high-yield specialty coffee bean, adapted to warm climates and acidic soils.<br \/>\nThe Parainema variety is the result of a genetic improvement program that offers a cup with floral notes, a sweet honey finish, and a well-balanced citric acidity. It is a clean, large Arabica bean that delivers a balanced cup with a consistent crema and medium intensity.<br \/>\nThanks to a medium roast like the one we use at Camden Coffee Roasters, a creamy body is achieved with a clean and sweet cup.<\/p>\n<p>On the palate, it reveals hints of cane sugar in its sweetness and an appealing stone fruit flavor in its acidity.<br \/>\nIts intense milk chocolate aroma makes it an ideal drink for both Italian and espresso lattes, pairing beautifully with milk.<\/p>\n","protected":false},"excerpt":{"rendered":"<p style=\"text-align: right;\"><strong>Free shipping from 40\u20ac purchase<\/strong><\/p>\n<p>&nbsp;<\/p>\n<p style=\"text-align: right;\"><strong>SKU<\/strong>: N\/D<\/p>\n<p style=\"text-align: right;\"><strong>CATEGORY<\/strong>: COFFEE<\/p>\n<p>&nbsp;<\/p>\n<p style=\"text-align: right;\"><strong>COUNTRY<\/strong>: Honduras<\/p>\n<p style=\"text-align: right;\"><strong>REGION<\/strong>: Cop\u00e1n<\/p>\n<p style=\"text-align: right;\"><strong>HEIGHT<\/strong>: 1.100 -1.500 a.s.l<\/p>\n<p style=\"text-align: right;\"><strong>VARIETY<\/strong>: Catua\u00ed, Icat\u00fa, Lempira, and Parainema<\/p>\n<p style=\"text-align: right;\"><strong>PROCESS<\/strong>: Washed with aerobic fermentation<\/p>\n","protected":false},"featured_media":10674,"comment_status":"open","ping_status":"closed","template":"","meta":[],"product_brand":[],"product_cat":[119],"product_tag":[],"class_list":{"0":"post-10696","1":"product","2":"type-product","3":"status-publish","4":"has-post-thumbnail","6":"product_cat-cafe-en","8":"first","9":"instock","10":"shipping-taxable","11":"purchasable","12":"product-type-variable"},"yoast_head":"<!-- This site is optimized with the Yoast SEO plugin v26.9 - https:\/\/yoast.com\/product\/yoast-seo-wordpress\/ -->\n<title>Honduras \u2013 Barana - Camden Coffee Roasters - Caf\u00e9 de Especialidad | Specialty Coffee Madrid<\/title>\n<meta name=\"description\" content=\"Thanks to a medium roast like the one we use at Camden Coffee Roasters, a creamy body is achieved with a clean and sweet cup.On the palate, it reveals hints of cane sugar in its sweetness and an appealing stone fruit flavor in its acidity.Its intense milk chocolate aroma makes it an ideal drink for both Italian and espresso lattes, pairing beautifully with milk.\" \/>\n<meta name=\"robots\" content=\"index, follow, max-snippet:-1, max-image-preview:large, max-video-preview:-1\" \/>\n<link rel=\"canonical\" href=\"https:\/\/camdencoffeeroasters.com\/en\/producto\/honduras-barana\/\" \/>\n<meta property=\"og:locale\" content=\"en_US\" \/>\n<meta property=\"og:type\" content=\"article\" \/>\n<meta property=\"og:title\" content=\"Honduras \u2013 Barana - Camden Coffee Roasters - Caf\u00e9 de Especialidad | Specialty Coffee Madrid\" \/>\n<meta property=\"og:description\" content=\"Thanks to a medium roast like the one we use at Camden Coffee Roasters, a creamy body is achieved with a clean and sweet cup.On the palate, it reveals hints of cane sugar in its sweetness and an appealing stone fruit flavor in its acidity.Its intense milk chocolate aroma makes it an ideal drink for both Italian and espresso lattes, pairing beautifully with milk.\" \/>\n<meta property=\"og:url\" content=\"https:\/\/camdencoffeeroasters.com\/en\/producto\/honduras-barana\/\" \/>\n<meta property=\"og:site_name\" content=\"Camden Coffee Roasters - Caf\u00e9 de Especialidad | Specialty Coffee Madrid\" \/>\n<meta property=\"article:modified_time\" content=\"2026-04-01T07:12:56+00:00\" \/>\n<meta property=\"og:image\" content=\"https:\/\/camdencoffeeroasters.com\/wp-content\/uploads\/2026\/04\/Honduras_Barana.png\" \/>\n\t<meta property=\"og:image:width\" content=\"750\" \/>\n\t<meta property=\"og:image:height\" content=\"750\" \/>\n\t<meta property=\"og:image:type\" content=\"image\/png\" \/>\n<meta name=\"twitter:card\" content=\"summary_large_image\" \/>\n<meta name=\"twitter:label1\" content=\"Est. reading time\" \/>\n\t<meta name=\"twitter:data1\" content=\"2 minutes\" \/>\n<script type=\"application\/ld+json\" class=\"yoast-schema-graph\">{\"@context\":\"https:\/\/schema.org\",\"@graph\":[{\"@type\":\"WebPage\",\"@id\":\"https:\/\/camdencoffeeroasters.com\/en\/producto\/honduras-barana\/\",\"url\":\"https:\/\/camdencoffeeroasters.com\/en\/producto\/honduras-barana\/\",\"name\":\"Honduras \u2013 Barana - Camden Coffee Roasters - Caf\u00e9 de Especialidad | Specialty Coffee Madrid\",\"isPartOf\":{\"@id\":\"https:\/\/camdencoffeeroasters.com\/#website\"},\"primaryImageOfPage\":{\"@id\":\"https:\/\/camdencoffeeroasters.com\/en\/producto\/honduras-barana\/#primaryimage\"},\"image\":{\"@id\":\"https:\/\/camdencoffeeroasters.com\/en\/producto\/honduras-barana\/#primaryimage\"},\"thumbnailUrl\":\"https:\/\/camdencoffeeroasters.com\/wp-content\/uploads\/2026\/04\/Honduras_Barana.png\",\"datePublished\":\"2026-04-01T07:09:31+00:00\",\"dateModified\":\"2026-04-01T07:12:56+00:00\",\"description\":\"Thanks to a medium roast like the one we use at Camden Coffee Roasters, a creamy body is achieved with a clean and sweet cup.On the palate, it reveals hints of cane sugar in its sweetness and an appealing stone fruit flavor in its acidity.Its intense milk chocolate aroma makes it an ideal drink for both Italian and espresso lattes, pairing beautifully with milk.\",\"breadcrumb\":{\"@id\":\"https:\/\/camdencoffeeroasters.com\/en\/producto\/honduras-barana\/#breadcrumb\"},\"inLanguage\":\"en-US\",\"potentialAction\":[{\"@type\":\"ReadAction\",\"target\":[\"https:\/\/camdencoffeeroasters.com\/en\/producto\/honduras-barana\/\"]}]},{\"@type\":\"ImageObject\",\"inLanguage\":\"en-US\",\"@id\":\"https:\/\/camdencoffeeroasters.com\/en\/producto\/honduras-barana\/#primaryimage\",\"url\":\"https:\/\/camdencoffeeroasters.com\/wp-content\/uploads\/2026\/04\/Honduras_Barana.png\",\"contentUrl\":\"https:\/\/camdencoffeeroasters.com\/wp-content\/uploads\/2026\/04\/Honduras_Barana.png\",\"width\":750,\"height\":750,\"caption\":\"Bolsa de caf\u00e9 de especialidad\"},{\"@type\":\"BreadcrumbList\",\"@id\":\"https:\/\/camdencoffeeroasters.com\/en\/producto\/honduras-barana\/#breadcrumb\",\"itemListElement\":[{\"@type\":\"ListItem\",\"position\":1,\"name\":\"Portada\",\"item\":\"https:\/\/camdencoffeeroasters.com\/\"},{\"@type\":\"ListItem\",\"position\":2,\"name\":\"Productos\",\"item\":\"https:\/\/camdencoffeeroasters.com\/shop\/\"},{\"@type\":\"ListItem\",\"position\":3,\"name\":\"Honduras \u2013 Barana\"}]},{\"@type\":\"WebSite\",\"@id\":\"https:\/\/camdencoffeeroasters.com\/#website\",\"url\":\"https:\/\/camdencoffeeroasters.com\/\",\"name\":\"Camden Coffee Roasters - Caf\u00e9 de Especialidad | Specialty Coffee Madrid\",\"description\":\"Camden Coffee Roasters es una micro tostadora de caf\u00e9 de especialidad de tercera generaci\u00f3n en la que adoramos el caf\u00e9.\",\"alternateName\":\"Camden Coffee Roasters - Caf\u00e9 de Especialidad\",\"potentialAction\":[{\"@type\":\"SearchAction\",\"target\":{\"@type\":\"EntryPoint\",\"urlTemplate\":\"https:\/\/camdencoffeeroasters.com\/?s={search_term_string}\"},\"query-input\":{\"@type\":\"PropertyValueSpecification\",\"valueRequired\":true,\"valueName\":\"search_term_string\"}}],\"inLanguage\":\"en-US\"}]}<\/script>\n<!-- \/ Yoast SEO plugin. -->","yoast_head_json":{"title":"Honduras \u2013 Barana - Camden Coffee Roasters - Caf\u00e9 de Especialidad | Specialty Coffee Madrid","description":"Thanks to a medium roast like the one we use at Camden Coffee Roasters, a creamy body is achieved with a clean and sweet cup.On the palate, it reveals hints of cane sugar in its sweetness and an appealing stone fruit flavor in its acidity.Its intense milk chocolate aroma makes it an ideal drink for both Italian and espresso lattes, pairing beautifully with milk.","robots":{"index":"index","follow":"follow","max-snippet":"max-snippet:-1","max-image-preview":"max-image-preview:large","max-video-preview":"max-video-preview:-1"},"canonical":"https:\/\/camdencoffeeroasters.com\/en\/producto\/honduras-barana\/","og_locale":"en_US","og_type":"article","og_title":"Honduras \u2013 Barana - Camden Coffee Roasters - Caf\u00e9 de Especialidad | Specialty Coffee Madrid","og_description":"Thanks to a medium roast like the one we use at Camden Coffee Roasters, a creamy body is achieved with a clean and sweet cup.On the palate, it reveals hints of cane sugar in its sweetness and an appealing stone fruit flavor in its acidity.Its intense milk chocolate aroma makes it an ideal drink for both Italian and espresso lattes, pairing beautifully with milk.","og_url":"https:\/\/camdencoffeeroasters.com\/en\/producto\/honduras-barana\/","og_site_name":"Camden Coffee Roasters - Caf\u00e9 de Especialidad | Specialty Coffee Madrid","article_modified_time":"2026-04-01T07:12:56+00:00","og_image":[{"width":750,"height":750,"url":"https:\/\/camdencoffeeroasters.com\/wp-content\/uploads\/2026\/04\/Honduras_Barana.png","type":"image\/png"}],"twitter_card":"summary_large_image","twitter_misc":{"Est. reading time":"2 minutes"},"schema":{"@context":"https:\/\/schema.org","@graph":[{"@type":"WebPage","@id":"https:\/\/camdencoffeeroasters.com\/en\/producto\/honduras-barana\/","url":"https:\/\/camdencoffeeroasters.com\/en\/producto\/honduras-barana\/","name":"Honduras \u2013 Barana - Camden Coffee Roasters - Caf\u00e9 de Especialidad | Specialty Coffee Madrid","isPartOf":{"@id":"https:\/\/camdencoffeeroasters.com\/#website"},"primaryImageOfPage":{"@id":"https:\/\/camdencoffeeroasters.com\/en\/producto\/honduras-barana\/#primaryimage"},"image":{"@id":"https:\/\/camdencoffeeroasters.com\/en\/producto\/honduras-barana\/#primaryimage"},"thumbnailUrl":"https:\/\/camdencoffeeroasters.com\/wp-content\/uploads\/2026\/04\/Honduras_Barana.png","datePublished":"2026-04-01T07:09:31+00:00","dateModified":"2026-04-01T07:12:56+00:00","description":"Thanks to a medium roast like the one we use at Camden Coffee Roasters, a creamy body is achieved with a clean and sweet cup.On the palate, it reveals hints of cane sugar in its sweetness and an appealing stone fruit flavor in its acidity.Its intense milk chocolate aroma makes it an ideal drink for both Italian and espresso lattes, pairing beautifully with milk.","breadcrumb":{"@id":"https:\/\/camdencoffeeroasters.com\/en\/producto\/honduras-barana\/#breadcrumb"},"inLanguage":"en-US","potentialAction":[{"@type":"ReadAction","target":["https:\/\/camdencoffeeroasters.com\/en\/producto\/honduras-barana\/"]}]},{"@type":"ImageObject","inLanguage":"en-US","@id":"https:\/\/camdencoffeeroasters.com\/en\/producto\/honduras-barana\/#primaryimage","url":"https:\/\/camdencoffeeroasters.com\/wp-content\/uploads\/2026\/04\/Honduras_Barana.png","contentUrl":"https:\/\/camdencoffeeroasters.com\/wp-content\/uploads\/2026\/04\/Honduras_Barana.png","width":750,"height":750,"caption":"Bolsa de caf\u00e9 de especialidad"},{"@type":"BreadcrumbList","@id":"https:\/\/camdencoffeeroasters.com\/en\/producto\/honduras-barana\/#breadcrumb","itemListElement":[{"@type":"ListItem","position":1,"name":"Portada","item":"https:\/\/camdencoffeeroasters.com\/"},{"@type":"ListItem","position":2,"name":"Productos","item":"https:\/\/camdencoffeeroasters.com\/shop\/"},{"@type":"ListItem","position":3,"name":"Honduras \u2013 Barana"}]},{"@type":"WebSite","@id":"https:\/\/camdencoffeeroasters.com\/#website","url":"https:\/\/camdencoffeeroasters.com\/","name":"Camden Coffee Roasters - Caf\u00e9 de Especialidad | Specialty Coffee Madrid","description":"Camden Coffee Roasters es una micro tostadora de caf\u00e9 de especialidad de tercera generaci\u00f3n en la que adoramos el caf\u00e9.","alternateName":"Camden Coffee Roasters - Caf\u00e9 de Especialidad","potentialAction":[{"@type":"SearchAction","target":{"@type":"EntryPoint","urlTemplate":"https:\/\/camdencoffeeroasters.com\/?s={search_term_string}"},"query-input":{"@type":"PropertyValueSpecification","valueRequired":true,"valueName":"search_term_string"}}],"inLanguage":"en-US"}]}},"_links":{"self":[{"href":"https:\/\/camdencoffeeroasters.com\/en\/wp-json\/wp\/v2\/product\/10696","targetHints":{"allow":["GET"]}}],"collection":[{"href":"https:\/\/camdencoffeeroasters.com\/en\/wp-json\/wp\/v2\/product"}],"about":[{"href":"https:\/\/camdencoffeeroasters.com\/en\/wp-json\/wp\/v2\/types\/product"}],"replies":[{"embeddable":true,"href":"https:\/\/camdencoffeeroasters.com\/en\/wp-json\/wp\/v2\/comments?post=10696"}],"wp:featuredmedia":[{"embeddable":true,"href":"https:\/\/camdencoffeeroasters.com\/en\/wp-json\/wp\/v2\/media\/10674"}],"wp:attachment":[{"href":"https:\/\/camdencoffeeroasters.com\/en\/wp-json\/wp\/v2\/media?parent=10696"}],"wp:term":[{"taxonomy":"product_brand","embeddable":true,"href":"https:\/\/camdencoffeeroasters.com\/en\/wp-json\/wp\/v2\/product_brand?post=10696"},{"taxonomy":"product_cat","embeddable":true,"href":"https:\/\/camdencoffeeroasters.com\/en\/wp-json\/wp\/v2\/product_cat?post=10696"},{"taxonomy":"product_tag","embeddable":true,"href":"https:\/\/camdencoffeeroasters.com\/en\/wp-json\/wp\/v2\/product_tag?post=10696"}],"curies":[{"name":"wp","href":"https:\/\/api.w.org\/{rel}","templated":true}]}}