{"id":10483,"date":"2025-10-05T12:54:11","date_gmt":"2025-10-05T10:54:11","guid":{"rendered":"https:\/\/camdencoffeeroasters.com\/?post_type=product&#038;p=10483"},"modified":"2026-02-23T08:21:36","modified_gmt":"2026-02-23T07:21:36","slug":"costa-rica-tica","status":"publish","type":"product","link":"https:\/\/camdencoffeeroasters.com\/en\/producto\/costa-rica-tica\/","title":{"rendered":"Costa Rica &#8211; Tica"},"content":{"rendered":"<div class=\"flex-1 overflow-hidden\">\n<div class=\"react-scroll-to-bottom--css-ifrss-79elbk h-full dark:bg-gray-800\">\n<div class=\"react-scroll-to-bottom--css-ifrss-1n7m0yu\">\n<div class=\"flex flex-col text-sm dark:bg-gray-800\">\n<div class=\"group w-full text-gray-800 dark:text-gray-100 border-b border-black\/10 dark:border-gray-900\/50 bg-gray-50 dark:bg-[#444654]\">\n<div class=\"flex p-4 gap-4 text-base md:gap-6 md:max-w-2xl lg:max-w-xl xl:max-w-3xl md:py-6 lg:px-0 m-auto\">\n<div class=\"relative flex w-[calc(100%-50px)] flex-col gap-1 md:gap-3 lg:w-[calc(100%-115px)]\">\n<div class=\"flex flex-grow flex-col gap-3\">\n<div class=\"min-h-[20px] flex flex-col items-start gap-4 whitespace-pre-wrap break-words\">\n<div class=\"markdown prose w-full break-words dark:prose-invert light\">\n<div class=\"n4sEPd\">\n<div class=\"QFw9Te BLojaf\"><\/div>\n<div class=\"FFpbKc\">\n<div class=\"xMmqsf\"><span class=\"jCAhz\"><span class=\"ryNqvb\"><strong>Costa Rica<\/strong>\u00a0coffee is characterized by rich fruity notes, an elegant aroma, and a full-bodied finish.<\/span><\/span><\/div>\n<div><\/div>\n<div class=\"xMmqsf\"><span class=\"jCAhz\"><span class=\"ryNqvb\">This coffee has been grown at over 1,200 meters above sea level, where rain, sun, and soil combine to produce a <strong>specialty coffee<\/strong> of the highest quality.<\/span><\/span><\/div>\n<div><\/div>\n<div class=\"xMmqsf\"><span class=\"jCAhz\"><span class=\"ryNqvb\">The <strong>Tarraz\u00fa<\/strong> region, one of Costa Rica&#8217;s most prestigious regions, is known for producing clean, balanced coffees with <strong>bright acidity<\/strong> and intense <strong>sweetness<\/strong>.<\/span><\/span> <span class=\"jCAhz\"><span class=\"ryNqvb\">This particular lot is sourced from several small producers in the region, who combine traditional varieties such as Caturra and Catuai for a smooth and structured espresso experience.<\/span><\/span><\/div>\n<div><\/div>\n<div class=\"xMmqsf\"><span class=\"jCAhz ChMk0b\"><span class=\"ryNqvb\">Thanks to all these contributions, this coffee is composed of two prevalent varieties in the area: Catua\u00ed and Caturra.<\/span><\/span> <span class=\"jCAhz ChMk0b\"><span class=\"ryNqvb\">The <strong>Catua\u00ed<\/strong> variety offers nutty, hazelnut, and creamy flavors.<\/span><\/span> <span class=\"jCAhz ChMk0b\"><span class=\"ryNqvb\"><strong>Caturra<\/strong> is a natural mutation of the Bourbon variety, providing sweetness, citrus aromas, and balanced acidity.<\/span><\/span><\/div>\n<div><\/div>\n<div class=\"xMmqsf\"><span class=\"jCAhz ChMk0b\"><span class=\"ryNqvb\">Ideal for <strong>espresso<\/strong> or <strong>Italian<\/strong> coffee maker, either just like an espresso or with milk.<\/span><\/span><\/div>\n<\/div>\n<\/div>\n<\/div>\n<\/div>\n<\/div>\n<\/div>\n<\/div>\n<\/div>\n<\/div>\n<\/div>\n<\/div>\n<\/div>\n","protected":false},"excerpt":{"rendered":"<p style=\"text-align: right;\"><strong>Free shipping from 40\u20ac purchase<\/strong><\/p>\n<p>&nbsp;<\/p>\n<p style=\"text-align: right;\"><strong>SKU<\/strong>: N\/D<\/p>\n<p style=\"text-align: right;\"><strong>CATEGORY<\/strong>: COFFEE<\/p>\n<p>&nbsp;<\/p>\n<p style=\"text-align: right;\"><strong>COUNTRY<\/strong>: Costa Rica<\/p>\n<p style=\"text-align: right;\"><strong>REGION<\/strong>: Tarraz\u00fa<\/p>\n<p style=\"text-align: right;\"><strong>HEIGHT<\/strong>: 1.500 &#8211; 1.800 m.s.n.m<\/p>\n<p style=\"text-align: right;\"><strong>VARIETY<\/strong>: Catua\u00ed, Red Catua\u00ed, Caturra<\/p>\n<p style=\"text-align: right;\"><strong>PROCESS<\/strong>: Washed<\/p>\n<p>&nbsp;<\/p>\n","protected":false},"featured_media":10482,"comment_status":"open","ping_status":"closed","template":"","meta":[],"product_brand":[],"product_cat":[119],"product_tag":[],"class_list":{"0":"post-10483","1":"product","2":"type-product","3":"status-publish","4":"has-post-thumbnail","6":"product_cat-cafe-en","8":"first","9":"instock","10":"shipping-taxable","11":"purchasable","12":"product-type-variable"},"yoast_head":"<!-- This site is optimized with the Yoast SEO plugin v26.9 - https:\/\/yoast.com\/product\/yoast-seo-wordpress\/ -->\n<title>Costa Rica - Tica - Camden Coffee Roasters - Caf\u00e9 de Especialidad | Specialty Coffee Madrid %<\/title>\n<meta name=\"description\" content=\"Thanks to all these contributions, this coffee is composed of two prevalent varieties in the area: Catua\u00ed and Caturra. The Catua\u00ed variety offers nutty, hazelnut, and creamy flavors. Caturra is a natural mutation of the Bourbon variety, providing sweetness, citrus aromas, and balanced acidity.Ideal for espresso or Italian coffee maker, either just like an espresso or with milk.\" \/>\n<meta name=\"robots\" content=\"index, follow, max-snippet:-1, max-image-preview:large, max-video-preview:-1\" \/>\n<link rel=\"canonical\" href=\"https:\/\/camdencoffeeroasters.com\/en\/producto\/costa-rica-tica\/\" \/>\n<meta property=\"og:locale\" content=\"en_US\" \/>\n<meta property=\"og:type\" content=\"article\" \/>\n<meta property=\"og:title\" content=\"Costa Rica - Tica - Camden Coffee Roasters - Caf\u00e9 de Especialidad | Specialty Coffee Madrid %\" \/>\n<meta property=\"og:description\" content=\"Thanks to all these contributions, this coffee is composed of two prevalent varieties in the area: Catua\u00ed and Caturra. The Catua\u00ed variety offers nutty, hazelnut, and creamy flavors. Caturra is a natural mutation of the Bourbon variety, providing sweetness, citrus aromas, and balanced acidity.Ideal for espresso or Italian coffee maker, either just like an espresso or with milk.\" \/>\n<meta property=\"og:url\" content=\"https:\/\/camdencoffeeroasters.com\/en\/producto\/costa-rica-tica\/\" \/>\n<meta property=\"og:site_name\" content=\"Camden Coffee Roasters - Caf\u00e9 de Especialidad | Specialty Coffee Madrid\" \/>\n<meta property=\"article:modified_time\" content=\"2026-02-23T07:21:36+00:00\" \/>\n<meta property=\"og:image\" content=\"https:\/\/camdencoffeeroasters.com\/wp-content\/uploads\/2025\/10\/Costa-Rica_Tica.png\" \/>\n\t<meta property=\"og:image:width\" content=\"750\" \/>\n\t<meta property=\"og:image:height\" content=\"750\" \/>\n\t<meta property=\"og:image:type\" content=\"image\/png\" \/>\n<meta name=\"twitter:card\" content=\"summary_large_image\" \/>\n<meta name=\"twitter:label1\" content=\"Est. reading time\" \/>\n\t<meta name=\"twitter:data1\" content=\"1 minute\" \/>\n<script type=\"application\/ld+json\" class=\"yoast-schema-graph\">{\"@context\":\"https:\/\/schema.org\",\"@graph\":[{\"@type\":\"WebPage\",\"@id\":\"https:\/\/camdencoffeeroasters.com\/en\/producto\/costa-rica-tica\/\",\"url\":\"https:\/\/camdencoffeeroasters.com\/en\/producto\/costa-rica-tica\/\",\"name\":\"Costa Rica - Tica - Camden Coffee Roasters - Caf\u00e9 de Especialidad | Specialty Coffee Madrid %\",\"isPartOf\":{\"@id\":\"https:\/\/camdencoffeeroasters.com\/#website\"},\"primaryImageOfPage\":{\"@id\":\"https:\/\/camdencoffeeroasters.com\/en\/producto\/costa-rica-tica\/#primaryimage\"},\"image\":{\"@id\":\"https:\/\/camdencoffeeroasters.com\/en\/producto\/costa-rica-tica\/#primaryimage\"},\"thumbnailUrl\":\"https:\/\/camdencoffeeroasters.com\/wp-content\/uploads\/2025\/10\/Costa-Rica_Tica.png\",\"datePublished\":\"2025-10-05T10:54:11+00:00\",\"dateModified\":\"2026-02-23T07:21:36+00:00\",\"description\":\"Thanks to all these contributions, this coffee is composed of two prevalent varieties in the area: Catua\u00ed and Caturra. The Catua\u00ed variety offers nutty, hazelnut, and creamy flavors. Caturra is a natural mutation of the Bourbon variety, providing sweetness, citrus aromas, and balanced acidity.Ideal for espresso or Italian coffee maker, either just like an espresso or with milk.\",\"breadcrumb\":{\"@id\":\"https:\/\/camdencoffeeroasters.com\/en\/producto\/costa-rica-tica\/#breadcrumb\"},\"inLanguage\":\"en-US\",\"potentialAction\":[{\"@type\":\"ReadAction\",\"target\":[\"https:\/\/camdencoffeeroasters.com\/en\/producto\/costa-rica-tica\/\"]}]},{\"@type\":\"ImageObject\",\"inLanguage\":\"en-US\",\"@id\":\"https:\/\/camdencoffeeroasters.com\/en\/producto\/costa-rica-tica\/#primaryimage\",\"url\":\"https:\/\/camdencoffeeroasters.com\/wp-content\/uploads\/2025\/10\/Costa-Rica_Tica.png\",\"contentUrl\":\"https:\/\/camdencoffeeroasters.com\/wp-content\/uploads\/2025\/10\/Costa-Rica_Tica.png\",\"width\":750,\"height\":750,\"caption\":\"Paquete caf\u00e9 de especialidad Costa Rica\"},{\"@type\":\"BreadcrumbList\",\"@id\":\"https:\/\/camdencoffeeroasters.com\/en\/producto\/costa-rica-tica\/#breadcrumb\",\"itemListElement\":[{\"@type\":\"ListItem\",\"position\":1,\"name\":\"Portada\",\"item\":\"https:\/\/camdencoffeeroasters.com\/\"},{\"@type\":\"ListItem\",\"position\":2,\"name\":\"Productos\",\"item\":\"https:\/\/camdencoffeeroasters.com\/shop\/\"},{\"@type\":\"ListItem\",\"position\":3,\"name\":\"Costa Rica &#8211; Tica\"}]},{\"@type\":\"WebSite\",\"@id\":\"https:\/\/camdencoffeeroasters.com\/#website\",\"url\":\"https:\/\/camdencoffeeroasters.com\/\",\"name\":\"Camden Coffee Roasters - Caf\u00e9 de Especialidad | Specialty Coffee Madrid\",\"description\":\"Camden Coffee Roasters es una micro tostadora de caf\u00e9 de especialidad de tercera generaci\u00f3n en la que adoramos el caf\u00e9.\",\"alternateName\":\"Camden Coffee Roasters - Caf\u00e9 de Especialidad\",\"potentialAction\":[{\"@type\":\"SearchAction\",\"target\":{\"@type\":\"EntryPoint\",\"urlTemplate\":\"https:\/\/camdencoffeeroasters.com\/?s={search_term_string}\"},\"query-input\":{\"@type\":\"PropertyValueSpecification\",\"valueRequired\":true,\"valueName\":\"search_term_string\"}}],\"inLanguage\":\"en-US\"}]}<\/script>\n<!-- \/ Yoast SEO plugin. -->","yoast_head_json":{"title":"Costa Rica - Tica - Camden Coffee Roasters - Caf\u00e9 de Especialidad | Specialty Coffee Madrid %","description":"Thanks to all these contributions, this coffee is composed of two prevalent varieties in the area: Catua\u00ed and Caturra. The Catua\u00ed variety offers nutty, hazelnut, and creamy flavors. Caturra is a natural mutation of the Bourbon variety, providing sweetness, citrus aromas, and balanced acidity.Ideal for espresso or Italian coffee maker, either just like an espresso or with milk.","robots":{"index":"index","follow":"follow","max-snippet":"max-snippet:-1","max-image-preview":"max-image-preview:large","max-video-preview":"max-video-preview:-1"},"canonical":"https:\/\/camdencoffeeroasters.com\/en\/producto\/costa-rica-tica\/","og_locale":"en_US","og_type":"article","og_title":"Costa Rica - Tica - Camden Coffee Roasters - Caf\u00e9 de Especialidad | Specialty Coffee Madrid %","og_description":"Thanks to all these contributions, this coffee is composed of two prevalent varieties in the area: Catua\u00ed and Caturra. The Catua\u00ed variety offers nutty, hazelnut, and creamy flavors. Caturra is a natural mutation of the Bourbon variety, providing sweetness, citrus aromas, and balanced acidity.Ideal for espresso or Italian coffee maker, either just like an espresso or with milk.","og_url":"https:\/\/camdencoffeeroasters.com\/en\/producto\/costa-rica-tica\/","og_site_name":"Camden Coffee Roasters - Caf\u00e9 de Especialidad | Specialty Coffee Madrid","article_modified_time":"2026-02-23T07:21:36+00:00","og_image":[{"width":750,"height":750,"url":"https:\/\/camdencoffeeroasters.com\/wp-content\/uploads\/2025\/10\/Costa-Rica_Tica.png","type":"image\/png"}],"twitter_card":"summary_large_image","twitter_misc":{"Est. reading time":"1 minute"},"schema":{"@context":"https:\/\/schema.org","@graph":[{"@type":"WebPage","@id":"https:\/\/camdencoffeeroasters.com\/en\/producto\/costa-rica-tica\/","url":"https:\/\/camdencoffeeroasters.com\/en\/producto\/costa-rica-tica\/","name":"Costa Rica - Tica - Camden Coffee Roasters - Caf\u00e9 de Especialidad | Specialty Coffee Madrid %","isPartOf":{"@id":"https:\/\/camdencoffeeroasters.com\/#website"},"primaryImageOfPage":{"@id":"https:\/\/camdencoffeeroasters.com\/en\/producto\/costa-rica-tica\/#primaryimage"},"image":{"@id":"https:\/\/camdencoffeeroasters.com\/en\/producto\/costa-rica-tica\/#primaryimage"},"thumbnailUrl":"https:\/\/camdencoffeeroasters.com\/wp-content\/uploads\/2025\/10\/Costa-Rica_Tica.png","datePublished":"2025-10-05T10:54:11+00:00","dateModified":"2026-02-23T07:21:36+00:00","description":"Thanks to all these contributions, this coffee is composed of two prevalent varieties in the area: Catua\u00ed and Caturra. The Catua\u00ed variety offers nutty, hazelnut, and creamy flavors. Caturra is a natural mutation of the Bourbon variety, providing sweetness, citrus aromas, and balanced acidity.Ideal for espresso or Italian coffee maker, either just like an espresso or with milk.","breadcrumb":{"@id":"https:\/\/camdencoffeeroasters.com\/en\/producto\/costa-rica-tica\/#breadcrumb"},"inLanguage":"en-US","potentialAction":[{"@type":"ReadAction","target":["https:\/\/camdencoffeeroasters.com\/en\/producto\/costa-rica-tica\/"]}]},{"@type":"ImageObject","inLanguage":"en-US","@id":"https:\/\/camdencoffeeroasters.com\/en\/producto\/costa-rica-tica\/#primaryimage","url":"https:\/\/camdencoffeeroasters.com\/wp-content\/uploads\/2025\/10\/Costa-Rica_Tica.png","contentUrl":"https:\/\/camdencoffeeroasters.com\/wp-content\/uploads\/2025\/10\/Costa-Rica_Tica.png","width":750,"height":750,"caption":"Paquete caf\u00e9 de especialidad Costa Rica"},{"@type":"BreadcrumbList","@id":"https:\/\/camdencoffeeroasters.com\/en\/producto\/costa-rica-tica\/#breadcrumb","itemListElement":[{"@type":"ListItem","position":1,"name":"Portada","item":"https:\/\/camdencoffeeroasters.com\/"},{"@type":"ListItem","position":2,"name":"Productos","item":"https:\/\/camdencoffeeroasters.com\/shop\/"},{"@type":"ListItem","position":3,"name":"Costa Rica &#8211; Tica"}]},{"@type":"WebSite","@id":"https:\/\/camdencoffeeroasters.com\/#website","url":"https:\/\/camdencoffeeroasters.com\/","name":"Camden Coffee Roasters - Caf\u00e9 de Especialidad | Specialty Coffee Madrid","description":"Camden Coffee Roasters es una micro tostadora de caf\u00e9 de especialidad de tercera generaci\u00f3n en la que adoramos el caf\u00e9.","alternateName":"Camden Coffee Roasters - Caf\u00e9 de Especialidad","potentialAction":[{"@type":"SearchAction","target":{"@type":"EntryPoint","urlTemplate":"https:\/\/camdencoffeeroasters.com\/?s={search_term_string}"},"query-input":{"@type":"PropertyValueSpecification","valueRequired":true,"valueName":"search_term_string"}}],"inLanguage":"en-US"}]}},"_links":{"self":[{"href":"https:\/\/camdencoffeeroasters.com\/en\/wp-json\/wp\/v2\/product\/10483","targetHints":{"allow":["GET"]}}],"collection":[{"href":"https:\/\/camdencoffeeroasters.com\/en\/wp-json\/wp\/v2\/product"}],"about":[{"href":"https:\/\/camdencoffeeroasters.com\/en\/wp-json\/wp\/v2\/types\/product"}],"replies":[{"embeddable":true,"href":"https:\/\/camdencoffeeroasters.com\/en\/wp-json\/wp\/v2\/comments?post=10483"}],"wp:featuredmedia":[{"embeddable":true,"href":"https:\/\/camdencoffeeroasters.com\/en\/wp-json\/wp\/v2\/media\/10482"}],"wp:attachment":[{"href":"https:\/\/camdencoffeeroasters.com\/en\/wp-json\/wp\/v2\/media?parent=10483"}],"wp:term":[{"taxonomy":"product_brand","embeddable":true,"href":"https:\/\/camdencoffeeroasters.com\/en\/wp-json\/wp\/v2\/product_brand?post=10483"},{"taxonomy":"product_cat","embeddable":true,"href":"https:\/\/camdencoffeeroasters.com\/en\/wp-json\/wp\/v2\/product_cat?post=10483"},{"taxonomy":"product_tag","embeddable":true,"href":"https:\/\/camdencoffeeroasters.com\/en\/wp-json\/wp\/v2\/product_tag?post=10483"}],"curies":[{"name":"wp","href":"https:\/\/api.w.org\/{rel}","templated":true}]}}