{"id":10238,"date":"2025-02-16T20:01:27","date_gmt":"2025-02-16T19:01:27","guid":{"rendered":"https:\/\/camdencoffeeroasters.com\/?post_type=product&#038;p=10238"},"modified":"2026-04-15T09:58:45","modified_gmt":"2026-04-15T07:58:45","slug":"kenya-marembo","status":"publish","type":"product","link":"https:\/\/camdencoffeeroasters.com\/en\/producto\/kenya-marembo\/","title":{"rendered":"Kenya \u2013 Marembo"},"content":{"rendered":"<p data-start=\"47\" data-end=\"316\">The coffee-growing region of <strong>Othaya<\/strong>, in Kenya, is famous for producing some of the most complex and vibrant coffees in the world. It is located in Nyeri County, in Kenya\u2019s central highlands, an area recognized for its exceptional terroir for growing specialty coffee.<\/p>\n<p data-start=\"318\" data-end=\"446\">Its volcanic soil is rich in nutrients, which helps develop a bright and juicy acidity, a silky body, and a complex sweetness.<\/p>\n<p data-start=\"448\" data-end=\"639\">The coffee varieties grown in this region are the typical Kenyan ones: <strong data-start=\"519\" data-end=\"531\">Ruiru 11<\/strong>, the most disease-resistant, and <strong data-start=\"565\" data-end=\"582\">SL28 and SL34<\/strong>, the most common, known for their outstanding quality.<\/p>\n<p data-start=\"641\" data-end=\"826\">Othaya has several smallholder cooperatives, such as the <strong data-start=\"698\" data-end=\"736\">Othaya Farmers Cooperative Society<\/strong>, which manages multiple washing stations (including <strong data-start=\"789\" data-end=\"822\">Ichamama, Gatugi, and Karuthi<\/strong>).<\/p>\n<p data-start=\"828\" data-end=\"1053\">Othaya\u2019s coffees are ideal for those who enjoy <strong data-start=\"875\" data-end=\"918\">bright, fruity, and structured profiles<\/strong>, with lively acidity and refined sweetness. It is one of the most sought-after regions in auctions and by specialty coffee roasters.<\/p>\n<p data-start=\"1055\" data-end=\"1160\">The notes of <strong data-start=\"1068\" data-end=\"1079\">Marembo<\/strong> evoke <strong data-start=\"1086\" data-end=\"1157\">berries, wild fruits, jasmine flower, yellow plum, and strawberries<\/strong>.<\/p>\n<p data-start=\"1162\" data-end=\"1211\">Perfect for <strong data-start=\"1174\" data-end=\"1208\">espresso, filter, <\/strong>or <strong data-start=\"1174\" data-end=\"1208\">cold brew<\/strong>.<\/p>\n","protected":false},"excerpt":{"rendered":"<p style=\"text-align: right;\"><strong>Free shipping from 40\u20ac purchase<\/strong><\/p>\n<p>&nbsp;<\/p>\n<p style=\"text-align: right;\"><strong>SKU<\/strong>: N\/D<\/p>\n<p style=\"text-align: right;\"><strong>CATEGORY<\/strong>: COFFEE<\/p>\n<p>&nbsp;<\/p>\n<p style=\"text-align: right;\"><strong>COUNTRY<\/strong>: Kenya<\/p>\n<p style=\"text-align: right;\"><strong>REGION<\/strong>: Othaya<\/p>\n<p style=\"text-align: right;\"><strong>HEIGHT<\/strong>: 1.750-1.850 m.s.n.m<\/p>\n<p style=\"text-align: right;\"><strong>VARIETY<\/strong>: Ruiru 11, SL28, SL34<\/p>\n<p style=\"text-align: right;\"><strong>PROCESS<\/strong>: Natural<\/p>\n","protected":false},"featured_media":10231,"comment_status":"open","ping_status":"closed","template":"","meta":[],"product_brand":[],"product_cat":[119],"product_tag":[],"class_list":{"0":"post-10238","1":"product","2":"type-product","3":"status-publish","4":"has-post-thumbnail","6":"product_cat-cafe-en","8":"first","9":"instock","10":"shipping-taxable","11":"purchasable","12":"product-type-variable"},"yoast_head":"<!-- This site is optimized with the Yoast SEO plugin v26.9 - https:\/\/yoast.com\/product\/yoast-seo-wordpress\/ -->\n<title>Kenya \u2013 Marembo - Camden Coffee Roasters - Caf\u00e9 de Especialidad | Specialty Coffee Madrid<\/title>\n<meta name=\"description\" content=\"Othaya\u2019s coffees are ideal for those who enjoy bright, fruity, and structured profiles, with lively acidity and refined sweetness. It is one of the most sought-after regions in auctions and by specialty coffee roasters.The notes of Marembo evoke berries, wild fruits, jasmine flower, yellow plum, and strawberries.Perfect for espresso, filter, or cold brew.\" \/>\n<meta name=\"robots\" content=\"index, follow, max-snippet:-1, max-image-preview:large, max-video-preview:-1\" \/>\n<link rel=\"canonical\" href=\"https:\/\/camdencoffeeroasters.com\/en\/producto\/kenya-marembo\/\" \/>\n<meta property=\"og:locale\" content=\"en_US\" \/>\n<meta property=\"og:type\" content=\"article\" \/>\n<meta property=\"og:title\" content=\"Kenya \u2013 Marembo - Camden Coffee Roasters - Caf\u00e9 de Especialidad | Specialty Coffee Madrid\" \/>\n<meta property=\"og:description\" content=\"Othaya\u2019s coffees are ideal for those who enjoy bright, fruity, and structured profiles, with lively acidity and refined sweetness. It is one of the most sought-after regions in auctions and by specialty coffee roasters.The notes of Marembo evoke berries, wild fruits, jasmine flower, yellow plum, and strawberries.Perfect for espresso, filter, or cold brew.\" \/>\n<meta property=\"og:url\" content=\"https:\/\/camdencoffeeroasters.com\/en\/producto\/kenya-marembo\/\" \/>\n<meta property=\"og:site_name\" content=\"Camden Coffee Roasters - Caf\u00e9 de Especialidad | Specialty Coffee Madrid\" \/>\n<meta property=\"article:modified_time\" content=\"2026-04-15T07:58:45+00:00\" \/>\n<meta property=\"og:image\" content=\"https:\/\/camdencoffeeroasters.com\/wp-content\/uploads\/2025\/02\/Kenia_Marembo_bag.png\" \/>\n\t<meta property=\"og:image:width\" content=\"750\" \/>\n\t<meta property=\"og:image:height\" content=\"750\" \/>\n\t<meta property=\"og:image:type\" content=\"image\/png\" \/>\n<meta name=\"twitter:card\" content=\"summary_large_image\" \/>\n<meta name=\"twitter:label1\" content=\"Est. reading time\" \/>\n\t<meta name=\"twitter:data1\" content=\"1 minute\" \/>\n<script type=\"application\/ld+json\" class=\"yoast-schema-graph\">{\"@context\":\"https:\/\/schema.org\",\"@graph\":[{\"@type\":\"WebPage\",\"@id\":\"https:\/\/camdencoffeeroasters.com\/en\/producto\/kenya-marembo\/\",\"url\":\"https:\/\/camdencoffeeroasters.com\/en\/producto\/kenya-marembo\/\",\"name\":\"Kenya \u2013 Marembo - Camden Coffee Roasters - Caf\u00e9 de Especialidad | Specialty Coffee Madrid\",\"isPartOf\":{\"@id\":\"https:\/\/camdencoffeeroasters.com\/#website\"},\"primaryImageOfPage\":{\"@id\":\"https:\/\/camdencoffeeroasters.com\/en\/producto\/kenya-marembo\/#primaryimage\"},\"image\":{\"@id\":\"https:\/\/camdencoffeeroasters.com\/en\/producto\/kenya-marembo\/#primaryimage\"},\"thumbnailUrl\":\"https:\/\/camdencoffeeroasters.com\/wp-content\/uploads\/2025\/02\/Kenia_Marembo_bag.png\",\"datePublished\":\"2025-02-16T19:01:27+00:00\",\"dateModified\":\"2026-04-15T07:58:45+00:00\",\"description\":\"Othaya\u2019s coffees are ideal for those who enjoy bright, fruity, and structured profiles, with lively acidity and refined sweetness. It is one of the most sought-after regions in auctions and by specialty coffee roasters.The notes of Marembo evoke berries, wild fruits, jasmine flower, yellow plum, and strawberries.Perfect for espresso, filter, or cold brew.\",\"breadcrumb\":{\"@id\":\"https:\/\/camdencoffeeroasters.com\/en\/producto\/kenya-marembo\/#breadcrumb\"},\"inLanguage\":\"en-US\",\"potentialAction\":[{\"@type\":\"ReadAction\",\"target\":[\"https:\/\/camdencoffeeroasters.com\/en\/producto\/kenya-marembo\/\"]}]},{\"@type\":\"ImageObject\",\"inLanguage\":\"en-US\",\"@id\":\"https:\/\/camdencoffeeroasters.com\/en\/producto\/kenya-marembo\/#primaryimage\",\"url\":\"https:\/\/camdencoffeeroasters.com\/wp-content\/uploads\/2025\/02\/Kenia_Marembo_bag.png\",\"contentUrl\":\"https:\/\/camdencoffeeroasters.com\/wp-content\/uploads\/2025\/02\/Kenia_Marembo_bag.png\",\"width\":750,\"height\":750,\"caption\":\"Paquete de caf\u00e9 Kenia Marembo, especial para filtro\"},{\"@type\":\"BreadcrumbList\",\"@id\":\"https:\/\/camdencoffeeroasters.com\/en\/producto\/kenya-marembo\/#breadcrumb\",\"itemListElement\":[{\"@type\":\"ListItem\",\"position\":1,\"name\":\"Portada\",\"item\":\"https:\/\/camdencoffeeroasters.com\/\"},{\"@type\":\"ListItem\",\"position\":2,\"name\":\"Productos\",\"item\":\"https:\/\/camdencoffeeroasters.com\/shop\/\"},{\"@type\":\"ListItem\",\"position\":3,\"name\":\"Kenya \u2013 Marembo\"}]},{\"@type\":\"WebSite\",\"@id\":\"https:\/\/camdencoffeeroasters.com\/#website\",\"url\":\"https:\/\/camdencoffeeroasters.com\/\",\"name\":\"Camden Coffee Roasters - Caf\u00e9 de Especialidad | Specialty Coffee Madrid\",\"description\":\"Camden Coffee Roasters es una micro tostadora de caf\u00e9 de especialidad de tercera generaci\u00f3n en la que adoramos el caf\u00e9.\",\"alternateName\":\"Camden Coffee Roasters - Caf\u00e9 de Especialidad\",\"potentialAction\":[{\"@type\":\"SearchAction\",\"target\":{\"@type\":\"EntryPoint\",\"urlTemplate\":\"https:\/\/camdencoffeeroasters.com\/?s={search_term_string}\"},\"query-input\":{\"@type\":\"PropertyValueSpecification\",\"valueRequired\":true,\"valueName\":\"search_term_string\"}}],\"inLanguage\":\"en-US\"}]}<\/script>\n<!-- \/ Yoast SEO plugin. -->","yoast_head_json":{"title":"Kenya \u2013 Marembo - Camden Coffee Roasters - Caf\u00e9 de Especialidad | Specialty Coffee Madrid","description":"Othaya\u2019s coffees are ideal for those who enjoy bright, fruity, and structured profiles, with lively acidity and refined sweetness. It is one of the most sought-after regions in auctions and by specialty coffee roasters.The notes of Marembo evoke berries, wild fruits, jasmine flower, yellow plum, and strawberries.Perfect for espresso, filter, or cold brew.","robots":{"index":"index","follow":"follow","max-snippet":"max-snippet:-1","max-image-preview":"max-image-preview:large","max-video-preview":"max-video-preview:-1"},"canonical":"https:\/\/camdencoffeeroasters.com\/en\/producto\/kenya-marembo\/","og_locale":"en_US","og_type":"article","og_title":"Kenya \u2013 Marembo - Camden Coffee Roasters - Caf\u00e9 de Especialidad | Specialty Coffee Madrid","og_description":"Othaya\u2019s coffees are ideal for those who enjoy bright, fruity, and structured profiles, with lively acidity and refined sweetness. It is one of the most sought-after regions in auctions and by specialty coffee roasters.The notes of Marembo evoke berries, wild fruits, jasmine flower, yellow plum, and strawberries.Perfect for espresso, filter, or cold brew.","og_url":"https:\/\/camdencoffeeroasters.com\/en\/producto\/kenya-marembo\/","og_site_name":"Camden Coffee Roasters - Caf\u00e9 de Especialidad | Specialty Coffee Madrid","article_modified_time":"2026-04-15T07:58:45+00:00","og_image":[{"width":750,"height":750,"url":"https:\/\/camdencoffeeroasters.com\/wp-content\/uploads\/2025\/02\/Kenia_Marembo_bag.png","type":"image\/png"}],"twitter_card":"summary_large_image","twitter_misc":{"Est. reading time":"1 minute"},"schema":{"@context":"https:\/\/schema.org","@graph":[{"@type":"WebPage","@id":"https:\/\/camdencoffeeroasters.com\/en\/producto\/kenya-marembo\/","url":"https:\/\/camdencoffeeroasters.com\/en\/producto\/kenya-marembo\/","name":"Kenya \u2013 Marembo - Camden Coffee Roasters - Caf\u00e9 de Especialidad | Specialty Coffee Madrid","isPartOf":{"@id":"https:\/\/camdencoffeeroasters.com\/#website"},"primaryImageOfPage":{"@id":"https:\/\/camdencoffeeroasters.com\/en\/producto\/kenya-marembo\/#primaryimage"},"image":{"@id":"https:\/\/camdencoffeeroasters.com\/en\/producto\/kenya-marembo\/#primaryimage"},"thumbnailUrl":"https:\/\/camdencoffeeroasters.com\/wp-content\/uploads\/2025\/02\/Kenia_Marembo_bag.png","datePublished":"2025-02-16T19:01:27+00:00","dateModified":"2026-04-15T07:58:45+00:00","description":"Othaya\u2019s coffees are ideal for those who enjoy bright, fruity, and structured profiles, with lively acidity and refined sweetness. It is one of the most sought-after regions in auctions and by specialty coffee roasters.The notes of Marembo evoke berries, wild fruits, jasmine flower, yellow plum, and strawberries.Perfect for espresso, filter, or cold brew.","breadcrumb":{"@id":"https:\/\/camdencoffeeroasters.com\/en\/producto\/kenya-marembo\/#breadcrumb"},"inLanguage":"en-US","potentialAction":[{"@type":"ReadAction","target":["https:\/\/camdencoffeeroasters.com\/en\/producto\/kenya-marembo\/"]}]},{"@type":"ImageObject","inLanguage":"en-US","@id":"https:\/\/camdencoffeeroasters.com\/en\/producto\/kenya-marembo\/#primaryimage","url":"https:\/\/camdencoffeeroasters.com\/wp-content\/uploads\/2025\/02\/Kenia_Marembo_bag.png","contentUrl":"https:\/\/camdencoffeeroasters.com\/wp-content\/uploads\/2025\/02\/Kenia_Marembo_bag.png","width":750,"height":750,"caption":"Paquete de caf\u00e9 Kenia Marembo, especial para filtro"},{"@type":"BreadcrumbList","@id":"https:\/\/camdencoffeeroasters.com\/en\/producto\/kenya-marembo\/#breadcrumb","itemListElement":[{"@type":"ListItem","position":1,"name":"Portada","item":"https:\/\/camdencoffeeroasters.com\/"},{"@type":"ListItem","position":2,"name":"Productos","item":"https:\/\/camdencoffeeroasters.com\/shop\/"},{"@type":"ListItem","position":3,"name":"Kenya \u2013 Marembo"}]},{"@type":"WebSite","@id":"https:\/\/camdencoffeeroasters.com\/#website","url":"https:\/\/camdencoffeeroasters.com\/","name":"Camden Coffee Roasters - Caf\u00e9 de Especialidad | Specialty Coffee Madrid","description":"Camden Coffee Roasters es una micro tostadora de caf\u00e9 de especialidad de tercera generaci\u00f3n en la que adoramos el caf\u00e9.","alternateName":"Camden Coffee Roasters - Caf\u00e9 de Especialidad","potentialAction":[{"@type":"SearchAction","target":{"@type":"EntryPoint","urlTemplate":"https:\/\/camdencoffeeroasters.com\/?s={search_term_string}"},"query-input":{"@type":"PropertyValueSpecification","valueRequired":true,"valueName":"search_term_string"}}],"inLanguage":"en-US"}]}},"_links":{"self":[{"href":"https:\/\/camdencoffeeroasters.com\/en\/wp-json\/wp\/v2\/product\/10238","targetHints":{"allow":["GET"]}}],"collection":[{"href":"https:\/\/camdencoffeeroasters.com\/en\/wp-json\/wp\/v2\/product"}],"about":[{"href":"https:\/\/camdencoffeeroasters.com\/en\/wp-json\/wp\/v2\/types\/product"}],"replies":[{"embeddable":true,"href":"https:\/\/camdencoffeeroasters.com\/en\/wp-json\/wp\/v2\/comments?post=10238"}],"wp:featuredmedia":[{"embeddable":true,"href":"https:\/\/camdencoffeeroasters.com\/en\/wp-json\/wp\/v2\/media\/10231"}],"wp:attachment":[{"href":"https:\/\/camdencoffeeroasters.com\/en\/wp-json\/wp\/v2\/media?parent=10238"}],"wp:term":[{"taxonomy":"product_brand","embeddable":true,"href":"https:\/\/camdencoffeeroasters.com\/en\/wp-json\/wp\/v2\/product_brand?post=10238"},{"taxonomy":"product_cat","embeddable":true,"href":"https:\/\/camdencoffeeroasters.com\/en\/wp-json\/wp\/v2\/product_cat?post=10238"},{"taxonomy":"product_tag","embeddable":true,"href":"https:\/\/camdencoffeeroasters.com\/en\/wp-json\/wp\/v2\/product_tag?post=10238"}],"curies":[{"name":"wp","href":"https:\/\/api.w.org\/{rel}","templated":true}]}}